{"id":2639,"date":"2022-09-21T11:16:04","date_gmt":"2022-09-21T09:16:04","guid":{"rendered":"https:\/\/arelia-asso.fr\/index.php\/lassociation\/projet-associatif\/"},"modified":"2026-02-03T09:37:08","modified_gmt":"2026-02-03T08:37:08","slug":"projet-associatif","status":"publish","type":"page","link":"https:\/\/arelia-asso.fr\/index.php\/lassociation\/projet-associatif\/","title":{"rendered":"Projet associatif"},"content":{"rendered":"<p>[et_pb_section fb_built=\u00a0\u00bb1&Prime; _builder_version=\u00a0\u00bb4.18.0&Prime; _module_preset=\u00a0\u00bbdefault\u00a0\u00bb custom_padding=\u00a0\u00bb||10px|||\u00a0\u00bb global_colors_info=\u00a0\u00bb{}\u00a0\u00bb][et_pb_row _builder_version=\u00a0\u00bb4.18.0&Prime; _module_preset=\u00a0\u00bbdefault\u00a0\u00bb custom_padding=\u00a0\u00bb||3px|||\u00a0\u00bb global_colors_info=\u00a0\u00bb{}\u00a0\u00bb][et_pb_column type=\u00a0\u00bb4_4&Prime; _builder_version=\u00a0\u00bb4.18.0&Prime; _module_preset=\u00a0\u00bbdefault\u00a0\u00bb global_colors_info=\u00a0\u00bb{}\u00a0\u00bb][et_pb_text _builder_version=\u00a0\u00bb4.21.0&Prime; _module_preset=\u00a0\u00bbdefault\u00a0\u00bb text_font=\u00a0\u00bb|800|||||||\u00a0\u00bb text_text_color=\u00a0\u00bb#990099&Prime; text_font_size=\u00a0\u00bb52px\u00a0\u00bb custom_margin=\u00a0\u00bb||62px|||\u00a0\u00bb global_colors_info=\u00a0\u00bb{}\u00a0\u00bb]<\/p>\n<p style=\"text-align: center;\">Notre projet associatif<\/p>\n<p>[\/et_pb_text][et_pb_image src=\u00a0\u00bbhttps:\/\/arelia-asso.fr\/wp-content\/uploads\/2024\/11\/PROJET-ASSOCIATIF.jpg\u00a0\u00bb title_text=\u00a0\u00bbEcofriendly office, green workspace, flat design illustration\u00a0\u00bb _builder_version=\u00a0\u00bb4.27.3&Prime; _module_preset=\u00a0\u00bbdefault\u00a0\u00bb global_colors_info=\u00a0\u00bb{}\u00a0\u00bb][\/et_pb_image][\/et_pb_column][\/et_pb_row][et_pb_row _builder_version=\u00a0\u00bb4.18.0&Prime; _module_preset=\u00a0\u00bbdefault\u00a0\u00bb background_enable_color=\u00a0\u00bboff\u00a0\u00bb custom_padding=\u00a0\u00bb5px|||||\u00a0\u00bb global_colors_info=\u00a0\u00bb{}\u00a0\u00bb][et_pb_column type=\u00a0\u00bb4_4&Prime; _builder_version=\u00a0\u00bb4.18.0&Prime; _module_preset=\u00a0\u00bbdefault\u00a0\u00bb global_colors_info=\u00a0\u00bb{}\u00a0\u00bb][et_pb_text _builder_version=\u00a0\u00bb4.18.0&Prime; _module_preset=\u00a0\u00bbdefault\u00a0\u00bb custom_margin=\u00a0\u00bb||12px||false|false\u00a0\u00bb global_colors_info=\u00a0\u00bb{}\u00a0\u00bb]<\/p>\n<h1 style=\"text-align: left;\"><span style=\"color: #ff0066;\"><span style=\"color: #cc3366;\">Notre projet associatif est le socle partag\u00e9 sur lequel se fondent toutes nos actions. <br \/><\/span><\/span><\/h1>\n<p>[\/et_pb_text][et_pb_text _builder_version=\u00a0\u00bb4.27.5&Prime; _module_preset=\u00a0\u00bbdefault\u00a0\u00bb text_font=\u00a0\u00bb|600|||||||\u00a0\u00bb text_font_size=\u00a0\u00bb18px\u00a0\u00bb text_line_height=\u00a0\u00bb1.9em\u00a0\u00bb hover_enabled=\u00a0\u00bb0&Prime; global_colors_info=\u00a0\u00bb{}\u00a0\u00bb sticky_enabled=\u00a0\u00bb0&Prime;]<\/p>\n<p>Il explicite les valeurs et les principes d\u2019Ar\u00e9lia pour toutes ses parties prenantes.<br \/>Il est donc l\u2019outil de r\u00e9f\u00e9rence pour \u00e9laborer les feuilles de route des diff\u00e9rents acteurs de l\u2019association.<\/p>\n<p><a href=\"https:\/\/arelia-asso.fr\/wp-content\/uploads\/2026\/02\/Projet-associatif-2026-2030-1.pdf\"><strong>Pour t\u00e9l\u00e9charger notre projet associatif, cliquer ici.<\/strong><\/a><\/p>\n<p>[\/et_pb_text][\/et_pb_column][\/et_pb_row][\/et_pb_section][et_pb_section fb_built=\u00a0\u00bb1&Prime; _builder_version=\u00a0\u00bb4.16&Prime; _module_preset=\u00a0\u00bbdefault\u00a0\u00bb custom_padding=\u00a0\u00bb4px|||||\u00a0\u00bb global_colors_info=\u00a0\u00bb{}\u00a0\u00bb][\/et_pb_section]<\/p>\n","protected":false},"excerpt":{"rendered":"<p>Notre projet associatifNotre projet associatif est le socle partag\u00e9 sur lequel se fondent toutes nos actions. Il explicite les valeurs et les principes d\u2019Ar\u00e9lia pour toutes ses parties prenantes.Il est donc l\u2019outil de r\u00e9f\u00e9rence pour \u00e9laborer les feuilles de route des diff\u00e9rents acteurs de l\u2019association. Pour t\u00e9l\u00e9charger notre projet associatif, cliquer ici.<\/p>\n","protected":false},"author":1,"featured_media":0,"parent":2637,"menu_order":0,"comment_status":"closed","ping_status":"closed","template":"","meta":{"_et_pb_use_builder":"on","_et_pb_old_content":"","_et_gb_content_width":"","footnotes":""},"class_list":["post-2639","page","type-page","status-publish","hentry"],"_links":{"self":[{"href":"https:\/\/arelia-asso.fr\/index.php\/wp-json\/wp\/v2\/pages\/2639","targetHints":{"allow":["GET"]}}],"collection":[{"href":"https:\/\/arelia-asso.fr\/index.php\/wp-json\/wp\/v2\/pages"}],"about":[{"href":"https:\/\/arelia-asso.fr\/index.php\/wp-json\/wp\/v2\/types\/page"}],"author":[{"embeddable":true,"href":"https:\/\/arelia-asso.fr\/index.php\/wp-json\/wp\/v2\/users\/1"}],"replies":[{"embeddable":true,"href":"https:\/\/arelia-asso.fr\/index.php\/wp-json\/wp\/v2\/comments?post=2639"}],"version-history":[{"count":6,"href":"https:\/\/arelia-asso.fr\/index.php\/wp-json\/wp\/v2\/pages\/2639\/revisions"}],"predecessor-version":[{"id":4666,"href":"https:\/\/arelia-asso.fr\/index.php\/wp-json\/wp\/v2\/pages\/2639\/revisions\/4666"}],"up":[{"embeddable":true,"href":"https:\/\/arelia-asso.fr\/index.php\/wp-json\/wp\/v2\/pages\/2637"}],"wp:attachment":[{"href":"https:\/\/arelia-asso.fr\/index.php\/wp-json\/wp\/v2\/media?parent=2639"}],"curies":[{"name":"wp","href":"https:\/\/api.w.org\/{rel}","templated":true}]}}