{"id":2642,"date":"2022-09-21T11:16:04","date_gmt":"2022-09-21T09:16:04","guid":{"rendered":"https:\/\/arelia-asso.fr\/index.php\/lassociation\/territoires\/"},"modified":"2025-11-04T16:40:31","modified_gmt":"2025-11-04T15:40:31","slug":"territoires","status":"publish","type":"page","link":"https:\/\/arelia-asso.fr\/index.php\/lassociation\/territoires\/","title":{"rendered":"Territoires"},"content":{"rendered":"<p>[et_pb_section fb_built=\u00a0\u00bb1&Prime; _builder_version=\u00a0\u00bb4.18.0&Prime; _module_preset=\u00a0\u00bbdefault\u00a0\u00bb custom_padding=\u00a0\u00bb||10px|||\u00a0\u00bb global_colors_info=\u00a0\u00bb{}\u00a0\u00bb][et_pb_row _builder_version=\u00a0\u00bb4.27.0&Prime; _module_preset=\u00a0\u00bbdefault\u00a0\u00bb global_colors_info=\u00a0\u00bb{}\u00a0\u00bb][et_pb_column type=\u00a0\u00bb4_4&Prime; _builder_version=\u00a0\u00bb4.18.0&Prime; _module_preset=\u00a0\u00bbdefault\u00a0\u00bb global_colors_info=\u00a0\u00bb{}\u00a0\u00bb][et_pb_text _builder_version=\u00a0\u00bb4.27.0&Prime; _module_preset=\u00a0\u00bbdefault\u00a0\u00bb text_font=\u00a0\u00bb|800||on|||||\u00a0\u00bb text_text_color=\u00a0\u00bb#FF0066&Prime; text_font_size=\u00a0\u00bb64px\u00a0\u00bb custom_margin=\u00a0\u00bb||56px||false|false\u00a0\u00bb global_colors_info=\u00a0\u00bb{}\u00a0\u00bb]<\/p>\n<p style=\"text-align: center;\">Territoires<\/p>\n<p>[\/et_pb_text][et_pb_text _builder_version=\u00a0\u00bb4.27.0&Prime; _module_preset=\u00a0\u00bbdefault\u00a0\u00bb global_colors_info=\u00a0\u00bb{}\u00a0\u00bb]<\/p>\n<h2 style=\"text-align: center;\"><span style=\"color: #990099;\">M\u00e9tropole du grand nancy<\/span><\/h2>\n<p>[\/et_pb_text][et_pb_text _builder_version=\u00a0\u00bb4.27.0&Prime; _module_preset=\u00a0\u00bbdefault\u00a0\u00bb global_colors_info=\u00a0\u00bb{}\u00a0\u00bb]<\/p>\n<h4 style=\"text-align: center;\"><span style=\"color: #990099;\"><strong>Si\u00e8ge social<\/strong><\/span><span style=\"color: #ff0066;\"><\/span><\/h4>\n<p style=\"text-align: center;\"><strong>87bis Avenue du G\u00e9n\u00e9ral Leclerc &#8211; 54000 Nancy<\/strong><\/p>\n<p style=\"text-align: center;\"><strong><\/strong><\/p>\n<h4 style=\"text-align: center;\"><span style=\"color: #990099;\"><strong>Site Sauvoy<\/strong><\/span><\/h4>\n<p style=\"text-align: center;\"><strong>102 Rue des Solidarit\u00e9s &#8211; 54320 Max\u00e9ville<\/strong><\/p>\n<h4 style=\"text-align: center;\"><strong><\/strong><\/h4>\n<h4 style=\"text-align: center;\"><strong>Site Villard<\/strong><\/h4>\n<p style=\"text-align: center;\"><strong>36 Rue Pierre Villard &#8211; 54000 Nancy<\/strong><\/p>\n<h4 style=\"text-align: center;\"><strong><\/strong><\/h4>\n<h4 style=\"text-align: center;\"><strong>Site Lib\u00e9ration<br \/><\/strong><\/h4>\n<p style=\"text-align: center;\"><strong>269 Avenue de la Lib\u00e9ration &#8211; 54000 Nancy<\/strong><\/p>\n<h4 style=\"text-align: center;\"><strong><\/strong><\/h4>\n<h4 style=\"text-align: center;\"><strong>Site Vand\u0153uvre<br \/><\/strong><\/h4>\n<p style=\"text-align: center;\"><strong>9 &#8211; 11 Rue Robert Schuman &#8211; 54500 Vand\u0153uvre-l\u00e8s-Nancy<\/strong><\/p>\n<h4 style=\"text-align: center;\"><strong><\/strong><\/h4>\n<h4 style=\"text-align: center;\"><strong>Site Esp\u00e9rance<br \/><\/strong><\/h4>\n<p style=\"text-align: center;\"><strong>104 Boulevard Emile Zola &#8211; 54520 Laxou<br \/><\/strong><\/p>\n<h4 style=\"text-align: center;\"><strong><\/strong><\/h4>\n<h4 style=\"text-align: center;\"><strong>SITE Agir<br \/><\/strong><\/h4>\n<p style=\"text-align: center;\"><strong>75 Boulevard Mar\u00e9chal Foch &#8211; 54520 Laxou<\/strong><\/p>\n<p style=\"text-align: center;\"><strong><\/strong><\/p>\n<p style=\"text-align: center;\"><strong><\/strong><\/p>\n<p>[\/et_pb_text][et_pb_text _builder_version=\u00a0\u00bb4.27.0&Prime; _module_preset=\u00a0\u00bbdefault\u00a0\u00bb global_colors_info=\u00a0\u00bb{}\u00a0\u00bb]<\/p>\n<h2 style=\"text-align: center;\"><span style=\"color: #ff0066;\">Terres de Lorraine<\/span><\/h2>\n<p>[\/et_pb_text][et_pb_text _builder_version=\u00a0\u00bb4.27.4&Prime; _module_preset=\u00a0\u00bbdefault\u00a0\u00bb hover_enabled=\u00a0\u00bb0&Prime; global_colors_info=\u00a0\u00bb{}\u00a0\u00bb sticky_enabled=\u00a0\u00bb0&Prime;]<\/p>\n<h4 style=\"text-align: center;\"><span style=\"color: #ff0066;\"><strong>AHI Terres de Lorraine<\/strong><\/span><\/h4>\n<p style=\"text-align: center;\"><strong>5 B Rue Pont des Cordeliers &#8211; 54200 Toul<\/strong><\/p>\n<h4 style=\"text-align: center;\"><strong><\/strong><\/h4>\n<h4 style=\"text-align: center;\"><span style=\"color: #ff0066;\"><strong>Chantiers d\u2019insertion<\/strong><\/span><\/h4>\n<p style=\"text-align: center;\"><strong>\u00ab\u00a0Le Longeau\u00a0\u00bb &#8211; Route de Verdun &#8211; 54200 Toul<\/strong><\/p>\n<h4 style=\"text-align: center;\"><strong><\/strong><\/h4>\n<h4 style=\"text-align: center;\"><strong><span style=\"color: #ff0066;\">Pension de Famille \u00ab\u00a0LA CUESTA\u00a0\u00bb<\/span><br \/><\/strong><\/h4>\n<p style=\"text-align: center;\"><strong>B\u00e2t. Offenbach &#8211; 329 rue du Clos des Gr\u00eaves &#8211; 54200 Toul<\/strong><\/p>\n<p>[\/et_pb_text][et_pb_text _builder_version=\u00a0\u00bb4.27.0&Prime; _module_preset=\u00a0\u00bbdefault\u00a0\u00bb global_colors_info=\u00a0\u00bb{}\u00a0\u00bb]<\/p>\n<h2 style=\"text-align: center;\"><span style=\"color: #66cccc;\">Moselle<\/span><\/h2>\n<p>[\/et_pb_text][et_pb_text _builder_version=\u00a0\u00bb4.27.0&Prime; _module_preset=\u00a0\u00bbdefault\u00a0\u00bb global_colors_info=\u00a0\u00bb{}\u00a0\u00bb]<\/p>\n<h4 style=\"text-align: center;\"><span style=\"color: #66cccc;\"><strong>Chantiers d\u2019insertion<\/strong><\/span><\/h4>\n<p style=\"text-align: center;\"><strong>8 Rue des Feivres &#8211; 57070 Metz Borny<br \/><\/strong><\/p>\n<p>[\/et_pb_text][\/et_pb_column][\/et_pb_row][\/et_pb_section]<\/p>\n","protected":false},"excerpt":{"rendered":"<p>TerritoiresM\u00e9tropole du grand nancySi\u00e8ge social 87bis Avenue du G\u00e9n\u00e9ral Leclerc &#8211; 54000 Nancy Site Sauvoy 102 Rue des Solidarit\u00e9s &#8211; 54320 Max\u00e9ville Site Villard 36 Rue Pierre Villard &#8211; 54000 Nancy Site Lib\u00e9ration 269 Avenue de la Lib\u00e9ration &#8211; 54000 Nancy Site Vand\u0153uvre 9 &#8211; 11 Rue Robert Schuman &#8211; 54500 Vand\u0153uvre-l\u00e8s-Nancy Site Esp\u00e9rance 104 [&hellip;]<\/p>\n","protected":false},"author":1,"featured_media":0,"parent":2637,"menu_order":0,"comment_status":"closed","ping_status":"closed","template":"","meta":{"_et_pb_use_builder":"on","_et_pb_old_content":"","_et_gb_content_width":"","footnotes":""},"class_list":["post-2642","page","type-page","status-publish","hentry"],"_links":{"self":[{"href":"https:\/\/arelia-asso.fr\/index.php\/wp-json\/wp\/v2\/pages\/2642","targetHints":{"allow":["GET"]}}],"collection":[{"href":"https:\/\/arelia-asso.fr\/index.php\/wp-json\/wp\/v2\/pages"}],"about":[{"href":"https:\/\/arelia-asso.fr\/index.php\/wp-json\/wp\/v2\/types\/page"}],"author":[{"embeddable":true,"href":"https:\/\/arelia-asso.fr\/index.php\/wp-json\/wp\/v2\/users\/1"}],"replies":[{"embeddable":true,"href":"https:\/\/arelia-asso.fr\/index.php\/wp-json\/wp\/v2\/comments?post=2642"}],"version-history":[{"count":10,"href":"https:\/\/arelia-asso.fr\/index.php\/wp-json\/wp\/v2\/pages\/2642\/revisions"}],"predecessor-version":[{"id":4582,"href":"https:\/\/arelia-asso.fr\/index.php\/wp-json\/wp\/v2\/pages\/2642\/revisions\/4582"}],"up":[{"embeddable":true,"href":"https:\/\/arelia-asso.fr\/index.php\/wp-json\/wp\/v2\/pages\/2637"}],"wp:attachment":[{"href":"https:\/\/arelia-asso.fr\/index.php\/wp-json\/wp\/v2\/media?parent=2642"}],"curies":[{"name":"wp","href":"https:\/\/api.w.org\/{rel}","templated":true}]}}