{"id":2652,"date":"2022-09-21T11:16:04","date_gmt":"2022-09-21T09:16:04","guid":{"rendered":"https:\/\/arelia-asso.fr\/index.php\/nos-prestations\/restauration-transformerie\/"},"modified":"2025-01-24T11:48:08","modified_gmt":"2025-01-24T10:48:08","slug":"transformerie","status":"publish","type":"page","link":"https:\/\/arelia-asso.fr\/index.php\/nos-prestations\/transformerie\/","title":{"rendered":"transformerie"},"content":{"rendered":"<p>[et_pb_section fb_built=\u00a0\u00bb1&Prime; _builder_version=\u00a0\u00bb4.27.4&Prime; _module_preset=\u00a0\u00bbdefault\u00a0\u00bb background_image=\u00a0\u00bbhttps:\/\/arelia-asso.fr\/wp-content\/uploads\/2025\/01\/fond-page.png\u00a0\u00bb background_repeat=\u00a0\u00bbrepeat-y\u00a0\u00bb custom_padding=\u00a0\u00bb||10px|||\u00a0\u00bb global_colors_info=\u00a0\u00bb{}\u00a0\u00bb][et_pb_row _builder_version=\u00a0\u00bb4.18.0&Prime; _module_preset=\u00a0\u00bbdefault\u00a0\u00bb custom_padding=\u00a0\u00bb||2px|||\u00a0\u00bb global_colors_info=\u00a0\u00bb{}\u00a0\u00bb][et_pb_column type=\u00a0\u00bb4_4&Prime; _builder_version=\u00a0\u00bb4.18.0&Prime; _module_preset=\u00a0\u00bbdefault\u00a0\u00bb global_colors_info=\u00a0\u00bb{}\u00a0\u00bb][et_pb_text _builder_version=\u00a0\u00bb4.27.0&Prime; _module_preset=\u00a0\u00bbdefault\u00a0\u00bb text_font=\u00a0\u00bb|800||on|||||\u00a0\u00bb text_text_color=\u00a0\u00bb#FF0066&Prime; text_font_size=\u00a0\u00bb64px\u00a0\u00bb custom_margin=\u00a0\u00bb||56px||false|false\u00a0\u00bb global_colors_info=\u00a0\u00bb{}\u00a0\u00bb]<\/p>\n<p style=\"text-align: center;\">Transformerie<\/p>\n<p>[\/et_pb_text][et_pb_text _builder_version=\u00a0\u00bb4.27.0&Prime; _module_preset=\u00a0\u00bbdefault\u00a0\u00bb custom_margin=\u00a0\u00bb||-1px|||\u00a0\u00bb global_colors_info=\u00a0\u00bb{}\u00a0\u00bb]<\/p>\n<h2 style=\"text-align: center;\">transformerie &#8211; 102 Rue des Solidarit\u00e9s &#8211; MAX\u00e9VILLE<\/h2>\n<p>[\/et_pb_text][et_pb_image src=\u00a0\u00bbhttps:\/\/arelia-asso.fr\/wp-content\/uploads\/2025\/01\/bandeau-transfo_reduit-1.png\u00a0\u00bb title_text=\u00a0\u00bbbandeau-transfo_reduit\u00a0\u00bb align=\u00a0\u00bbcenter\u00a0\u00bb _builder_version=\u00a0\u00bb4.27.4&Prime; _module_preset=\u00a0\u00bbdefault\u00a0\u00bb global_colors_info=\u00a0\u00bb{}\u00a0\u00bb][\/et_pb_image][et_pb_text _builder_version=\u00a0\u00bb4.27.4&Prime; _module_preset=\u00a0\u00bbdefault\u00a0\u00bb global_colors_info=\u00a0\u00bb{}\u00a0\u00bb]<\/p>\n<h1 style=\"text-align: center;\">L&rsquo;origine du projet<\/h1>\n<p>[\/et_pb_text][et_pb_text _builder_version=\u00a0\u00bb4.27.4&Prime; _module_preset=\u00a0\u00bbdefault\u00a0\u00bb global_colors_info=\u00a0\u00bb{}\u00a0\u00bb]<\/p>\n<p style=\"text-align: center;\"><span style=\"font-size: medium;\">Avec le soutien de l\u2019\u00c9tat, la R\u00e9gion Grand Est, le Conseil D\u00e9partemental de Meurthe-et-Moselle<br \/>et la M\u00e9tropole du Grand Nancy, Ar\u00e9lia et la Banque Alimentaire se sont engag\u00e9s vers une action solidaire :<br \/>LA TRANSFORMERIE. <\/span><\/p>\n<p style=\"text-align: center;\"><span style=\"font-size: medium;\">V\u00e9ritable objet de d\u00e9veloppement durable, cette activit\u00e9 permet l\u2019acc\u00e8s \u00e0 l\u2019emploi de 10 CCDI.<\/span><\/p>\n<p>[\/et_pb_text][et_pb_image src=\u00a0\u00bbhttps:\/\/arelia-asso.fr\/wp-content\/uploads\/2024\/12\/Logo-Banque-Alimentaire-54-fond-transparent-copie.png\u00a0\u00bb title_text=\u00a0\u00bbLogo-Banque-Alimentaire-54-(fond-transparent)&#8212;copie\u00a0\u00bb align=\u00a0\u00bbcenter\u00a0\u00bb _builder_version=\u00a0\u00bb4.27.4&Prime; _module_preset=\u00a0\u00bbdefault\u00a0\u00bb width=\u00a0\u00bb35%\u00a0\u00bb module_alignment=\u00a0\u00bbcenter\u00a0\u00bb global_colors_info=\u00a0\u00bb{}\u00a0\u00bb][\/et_pb_image][et_pb_text _builder_version=\u00a0\u00bb4.27.4&Prime; _module_preset=\u00a0\u00bbdefault\u00a0\u00bb global_colors_info=\u00a0\u00bb{}\u00a0\u00bb]<\/p>\n<h1 style=\"text-align: center;\">Les objectifs du partenariat<\/h1>\n<p>[\/et_pb_text][et_pb_text _builder_version=\u00a0\u00bb4.27.4&Prime; _module_preset=\u00a0\u00bbdefault\u00a0\u00bb global_colors_info=\u00a0\u00bb{}\u00a0\u00bb]<\/p>\n<p style=\"text-align: center;\"><span style=\"font-size: medium;\"><span style=\"color: #ff0066;\">\u2022 <\/span>Poursuivre l\u2019acc\u00e8s \u00e0 l\u2019alimentation des personnes les plus fragiles dans le cadre de la crise \u2022 sanitaire et au-del\u00e0.<\/span><br \/><span style=\"font-size: medium;\"><span style=\"color: #ff0066;\">\u2022 <\/span>Contribuer, dans une d\u00e9marche \u00e9coresponsable et solidaire des deux associations,<\/span><br \/><span style=\"font-size: medium;\">\u00e0 diminuer les d\u00e9chets alimentaires et \u00e0 valoriser les denr\u00e9es p\u00e9rissables.<\/span><br \/><span style=\"font-size: medium;\"><span style=\"color: #ff0066;\">\u2022 <\/span>Lutter contre le gaspillage alimentaire<\/span><br \/><span style=\"font-size: medium;\"><span style=\"color: #ff0066;\">\u2022 <\/span>Faciliter l\u2019action de la Banque Alimentaire au profit des plus d\u00e9munis<br \/>en augmentant la dur\u00e9e de vie des produits<\/span><br \/><span style=\"font-size: medium;\"><span style=\"color: #ff0066;\">\u2022 <\/span>Favoriser l\u2019insertion des publics connaissant divers freins li\u00e9s au retour \u00e0 l\u2019emploi<\/span><\/p>\n<p>[\/et_pb_text][\/et_pb_column][\/et_pb_row][et_pb_row column_structure=\u00a0\u00bb1_3,1_3,1_3&Prime; _builder_version=\u00a0\u00bb4.27.4&Prime; _module_preset=\u00a0\u00bbdefault\u00a0\u00bb custom_padding=\u00a0\u00bb58px||3px|||\u00a0\u00bb global_colors_info=\u00a0\u00bb{}\u00a0\u00bb][et_pb_column type=\u00a0\u00bb1_3&Prime; _builder_version=\u00a0\u00bb4.27.4&Prime; _module_preset=\u00a0\u00bbdefault\u00a0\u00bb global_colors_info=\u00a0\u00bb{}\u00a0\u00bb][et_pb_text _builder_version=\u00a0\u00bb4.27.4&Prime; _module_preset=\u00a0\u00bbdefault\u00a0\u00bb custom_margin=\u00a0\u00bb||-38px|||\u00a0\u00bb custom_padding=\u00a0\u00bb||0px|||\u00a0\u00bb global_colors_info=\u00a0\u00bb{}\u00a0\u00bb]<\/p>\n<h3 style=\"text-align: center;\"><span style=\"color: #003333;\"><strong>Une solution<\/strong><\/span><\/h3>\n<h3 style=\"text-align: center;\"><\/h3>\n<p>[\/et_pb_text][et_pb_image src=\u00a0\u00bbhttps:\/\/arelia-asso.fr\/wp-content\/uploads\/2025\/01\/antigaspi2.png\u00a0\u00bb title_text=\u00a0\u00bbantigaspi2&Prime; _builder_version=\u00a0\u00bb4.27.4&Prime; _module_preset=\u00a0\u00bbdefault\u00a0\u00bb global_colors_info=\u00a0\u00bb{}\u00a0\u00bb][\/et_pb_image][\/et_pb_column][et_pb_column type=\u00a0\u00bb1_3&Prime; _builder_version=\u00a0\u00bb4.27.4&Prime; _module_preset=\u00a0\u00bbdefault\u00a0\u00bb global_colors_info=\u00a0\u00bb{}\u00a0\u00bb][et_pb_text _builder_version=\u00a0\u00bb4.27.4&Prime; _module_preset=\u00a0\u00bbdefault\u00a0\u00bb custom_margin=\u00a0\u00bb||-37px|||\u00a0\u00bb custom_padding=\u00a0\u00bb||0px|||\u00a0\u00bb global_colors_info=\u00a0\u00bb{}\u00a0\u00bb]<\/p>\n<h3 style=\"text-align: center;\"><span style=\"color: #003333;\"><strong><\/strong><strong>Une production<\/strong><\/span><\/h3>\n<h3 style=\"text-align: center;\"><\/h3>\n<p>[\/et_pb_text][et_pb_image src=\u00a0\u00bbhttps:\/\/arelia-asso.fr\/wp-content\/uploads\/2025\/01\/locale.png\u00a0\u00bb title_text=\u00a0\u00bblocale\u00a0\u00bb _builder_version=\u00a0\u00bb4.27.4&Prime; _module_preset=\u00a0\u00bbdefault\u00a0\u00bb global_colors_info=\u00a0\u00bb{}\u00a0\u00bb][\/et_pb_image][\/et_pb_column][et_pb_column type=\u00a0\u00bb1_3&Prime; _builder_version=\u00a0\u00bb4.27.4&Prime; _module_preset=\u00a0\u00bbdefault\u00a0\u00bb global_colors_info=\u00a0\u00bb{}\u00a0\u00bb][et_pb_text _builder_version=\u00a0\u00bb4.27.4&Prime; _module_preset=\u00a0\u00bbdefault\u00a0\u00bb custom_margin=\u00a0\u00bb||-39px|||\u00a0\u00bb custom_padding=\u00a0\u00bb||0px|||\u00a0\u00bb global_colors_info=\u00a0\u00bb{}\u00a0\u00bb]<\/p>\n<h3 style=\"text-align: center;\"><span style=\"color: #003333;\"><strong>UNe action<\/strong><\/span><\/h3>\n<h3 style=\"text-align: center;\"><\/h3>\n<p>[\/et_pb_text][et_pb_image src=\u00a0\u00bbhttps:\/\/arelia-asso.fr\/wp-content\/uploads\/2025\/01\/sociale.png\u00a0\u00bb title_text=\u00a0\u00bbsociale\u00a0\u00bb _builder_version=\u00a0\u00bb4.27.4&Prime; _module_preset=\u00a0\u00bbdefault\u00a0\u00bb global_colors_info=\u00a0\u00bb{}\u00a0\u00bb][\/et_pb_image][\/et_pb_column][\/et_pb_row][et_pb_row _builder_version=\u00a0\u00bb4.27.4&Prime; _module_preset=\u00a0\u00bbdefault\u00a0\u00bb background_enable_image=\u00a0\u00bboff\u00a0\u00bb global_colors_info=\u00a0\u00bb{}\u00a0\u00bb][et_pb_column type=\u00a0\u00bb4_4&Prime; _builder_version=\u00a0\u00bb4.27.4&Prime; _module_preset=\u00a0\u00bbdefault\u00a0\u00bb global_colors_info=\u00a0\u00bb{}\u00a0\u00bb][et_pb_text _builder_version=\u00a0\u00bb4.27.4&Prime; _module_preset=\u00a0\u00bbdefault\u00a0\u00bb global_colors_info=\u00a0\u00bb{}\u00a0\u00bb]<\/p>\n<h1 style=\"text-align: center;\">Quelques exemples de nos r\u00e9alisations<\/h1>\n<p>[\/et_pb_text][et_pb_image src=\u00a0\u00bbhttps:\/\/arelia-asso.fr\/wp-content\/uploads\/2025\/01\/Bandeau-Tranformerie.png\u00a0\u00bb title_text=\u00a0\u00bbBandeau-Tranformerie\u00a0\u00bb _builder_version=\u00a0\u00bb4.27.4&Prime; _module_preset=\u00a0\u00bbdefault\u00a0\u00bb global_colors_info=\u00a0\u00bb{}\u00a0\u00bb][\/et_pb_image][et_pb_text _builder_version=\u00a0\u00bb4.27.4&Prime; _module_preset=\u00a0\u00bbdefault\u00a0\u00bb global_colors_info=\u00a0\u00bb{}\u00a0\u00bb]<\/p>\n<h4 style=\"text-align: center;\"><strong>D\u00e9lice de Fraise<br \/><\/strong><\/h4>\n<h4 style=\"text-align: center;\"><strong>D\u00e9lice Mirabelle Miel<\/strong><\/h4>\n<h4 style=\"text-align: center;\"><strong>Confiture Pomme Cannelle<\/strong><\/h4>\n<h4 style=\"text-align: center;\"><strong>Tartinade Carotte Paprika (sal\u00e9)<\/strong><\/h4>\n<h4 style=\"text-align: center;\"><strong>Ketchup Betterave (sal\u00e9)<\/strong><\/h4>\n<p style=\"text-align: center;\"><span style=\"font-size: large;\"><strong>2,80 \u20ac le pot de 228 ml<\/strong><\/span><\/p>\n<p style=\"text-align: center;\"><span style=\"font-size: large;\"><strong><\/strong><\/span><\/p>\n<p style=\"text-align: center;\"><a href=\"https:\/\/arelia-asso.fr\/wp-content\/uploads\/2025\/01\/La-Transformerie-Produits.pdf\"><span style=\"font-size: large;\"><strong>&#8211; D\u00e9couvrez ici une liste plus compl\u00e8te de nos produits &#8211;<\/strong><\/span><\/a><span style=\"font-size: large;\"><strong><\/strong><\/span><\/p>\n<p style=\"text-align: center;\"><span style=\"font-size: large;\"><strong><\/strong><\/span><\/p>\n<p>[\/et_pb_text][et_pb_text _builder_version=\u00a0\u00bb4.27.4&Prime; _module_preset=\u00a0\u00bbdefault\u00a0\u00bb global_colors_info=\u00a0\u00bb{}\u00a0\u00bb]<\/p>\n<h1 style=\"text-align: center;\">et encore plus dans notre boutique<\/h1>\n<p>[\/et_pb_text][et_pb_text _builder_version=\u00a0\u00bb4.27.4&Prime; _module_preset=\u00a0\u00bbdefault\u00a0\u00bb global_colors_info=\u00a0\u00bb{}\u00a0\u00bb]<\/p>\n<p style=\"text-align: center;\"><span style=\"color: #ff0066;\"><strong><\/strong><\/span><span style=\"color: #ff0066; font-size: large;\"><strong>Sur le site Sauvoy, au Ch\u00e2teau<\/strong><\/span><br \/><span style=\"font-size: large;\">102 rue des Solidarit\u00e9s \u00e0 Max\u00e9ville<\/span><br \/><span style=\"font-size: large;\"><strong>les mercredis et vendredis de 10h00 \u00e0 12h00<\/strong><\/span><span style=\"color: #ff0066;\"><strong><\/strong><\/span><\/p>\n<p style=\"text-align: center;\"><span style=\"font-size: large;\"><strong>Nous contacter pour toute commande ou plus d\u2019informations\u00a0:<br \/><a href=\"mailto:transformerie.production@arelia-asso.fr\">transformerie.production@arelia-asso.fr<\/a><\/strong><\/span><span style=\"font-size: large;\"><strong><\/strong><\/span><\/p>\n<p>[\/et_pb_text][et_pb_gallery gallery_ids=\u00a0\u00bb3826,3827,3829,3830,3831,3834,3841,3842,4141,4140,4139,4138,4137,4136,4135&Prime; fullwidth=\u00a0\u00bbon\u00a0\u00bb _builder_version=\u00a0\u00bb4.27.4&Prime; _module_preset=\u00a0\u00bbdefault\u00a0\u00bb width=\u00a0\u00bb70%\u00a0\u00bb module_alignment=\u00a0\u00bbcenter\u00a0\u00bb auto=\u00a0\u00bbon\u00a0\u00bb auto_speed=\u00a0\u00bb3000&Prime; hover_enabled=\u00a0\u00bb0&Prime; global_colors_info=\u00a0\u00bb{}\u00a0\u00bb sticky_enabled=\u00a0\u00bb0&Prime;][\/et_pb_gallery][\/et_pb_column][\/et_pb_row][et_pb_row _builder_version=\u00a0\u00bb4.27.4&Prime; _module_preset=\u00a0\u00bbdefault\u00a0\u00bb background_enable_image=\u00a0\u00bboff\u00a0\u00bb global_colors_info=\u00a0\u00bb{}\u00a0\u00bb][et_pb_column type=\u00a0\u00bb4_4&Prime; _builder_version=\u00a0\u00bb4.27.4&Prime; _module_preset=\u00a0\u00bbdefault\u00a0\u00bb global_colors_info=\u00a0\u00bb{}\u00a0\u00bb][et_pb_text _builder_version=\u00a0\u00bb4.27.4&Prime; _module_preset=\u00a0\u00bbdefault\u00a0\u00bb global_colors_info=\u00a0\u00bb{}\u00a0\u00bb]<\/p>\n<h1 style=\"text-align: center;\">Mais aussi le \u00ab\u00a0travail \u00e0 fa\u00e7on\u00a0\u00bb<\/h1>\n<p>[\/et_pb_text][et_pb_text _builder_version=\u00a0\u00bb4.27.4&Prime; _module_preset=\u00a0\u00bbdefault\u00a0\u00bb custom_padding=\u00a0\u00bb||0px|||\u00a0\u00bb global_colors_info=\u00a0\u00bb{}\u00a0\u00bb]<\/p>\n<h3 style=\"text-align: center;\"><span style=\"color: #003333;\"><strong>Une solution <span style=\"color: #ff0066;\">anti-gaspi<\/span> \u00e0 destination des mara\u00eechers professionnels<\/strong><\/span><\/h3>\n<h3 style=\"text-align: center;\"><span style=\"color: #003333;\"><strong><\/strong><\/span><\/h3>\n<h3 style=\"text-align: center;\"><span style=\"color: #003333;\"><strong>Notre m\u00e9tier, la <span style=\"color: #ff0066;\">valorisation professionnelle de vos produits<\/span><\/strong><\/span><\/h3>\n<h3 style=\"text-align: center;\"><strong><\/strong><\/h3>\n<h3 style=\"text-align: center;\"><strong><\/strong><span style=\"color: #003333;\"><strong>L&rsquo;agroalimentaire <span style=\"color: #ff0066;\">\u00e0 la port\u00e9e de tous<\/span><\/strong><\/span><\/h3>\n<h3 style=\"text-align: center;\"><\/h3>\n<p>[\/et_pb_text][et_pb_text _builder_version=\u00a0\u00bb4.27.4&Prime; _module_preset=\u00a0\u00bbdefault\u00a0\u00bb global_colors_info=\u00a0\u00bb{}\u00a0\u00bb]<\/p>\n<h1 style=\"text-align: center;\">Pour nos productions :<\/h1>\n<h1 style=\"text-align: center;\">Le label \u00e9cocert, un gage de qualit\u00e9 !<\/h1>\n<p>[\/et_pb_text][et_pb_image src=\u00a0\u00bbhttps:\/\/arelia-asso.fr\/wp-content\/uploads\/2025\/01\/ecocertAB.png\u00a0\u00bb title_text=\u00a0\u00bbecocert+AB\u00a0\u00bb _builder_version=\u00a0\u00bb4.27.4&Prime; _module_preset=\u00a0\u00bbdefault\u00a0\u00bb width=\u00a0\u00bb20%\u00a0\u00bb module_alignment=\u00a0\u00bbcenter\u00a0\u00bb global_colors_info=\u00a0\u00bb{}\u00a0\u00bb][\/et_pb_image][et_pb_text _builder_version=\u00a0\u00bb4.27.4&Prime; _module_preset=\u00a0\u00bbdefault\u00a0\u00bb global_colors_info=\u00a0\u00bb{}\u00a0\u00bb]<\/p>\n<h1 style=\"text-align: center;\">COmment \u00e7a marche ?<\/h1>\n<p>[\/et_pb_text][et_pb_text _builder_version=\u00a0\u00bb4.27.4&Prime; _module_preset=\u00a0\u00bbdefault\u00a0\u00bb global_colors_info=\u00a0\u00bb{}\u00a0\u00bb]<\/p>\n<p style=\"text-align: center;\"><span style=\"font-size: large;\"><span style=\"color: #003333;\"><strong>Nous transformons, vos fruits et l\u00e9gumes, \u00e0 partir de 50kg de mati\u00e8re premi\u00e8re<br \/><\/strong><\/span><span style=\"color: #003333;\"><strong>avec des centaines d&rsquo;id\u00e9es recettes.<br \/><\/strong><\/span><span style=\"color: #003333;\"><strong><\/strong><\/span><span style=\"color: #003333;\"><strong><\/strong><\/span><span style=\"color: #003333;\"><strong>Vous choisissez votre contenant 228ml, 318ml, 850ml.<\/strong><\/span><span style=\"color: #003333;\"><strong><\/strong><\/span><span style=\"color: #003333;\"><strong><\/strong><\/span><span style=\"color: #003333;\">\u00a0<\/span><\/span><span style=\"color: #003333;\"><strong><\/strong><\/span><\/p>\n<p>[\/et_pb_text][et_pb_text _builder_version=\u00a0\u00bb4.27.4&Prime; _module_preset=\u00a0\u00bbdefault\u00a0\u00bb global_colors_info=\u00a0\u00bb{}\u00a0\u00bb]<\/p>\n<h1 style=\"text-align: center;\"><span style=\"color: #990099;\"><strong>Julien et son \u00e9quipe sont l\u00e0 pour vous accompagner, contactez-nous !<\/strong><\/span><\/h1>\n<p>[\/et_pb_text][et_pb_text _builder_version=\u00a0\u00bb4.27.4&Prime; _module_preset=\u00a0\u00bbdefault\u00a0\u00bb global_colors_info=\u00a0\u00bb{}\u00a0\u00bb]<\/p>\n<p style=\"text-align: center;\"><span style=\"font-size: large;\"><strong><a href=\"mailto:transformerie.production@arelia-asso.fr\">transformerie.production@arelia-asso.fr<\/a><\/strong><\/span><\/p>\n<p>[\/et_pb_text][\/et_pb_column][\/et_pb_row][\/et_pb_section]<\/p>\n","protected":false},"excerpt":{"rendered":"<p>Transformerietransformerie &#8211; 102 Rue des Solidarit\u00e9s &#8211; MAX\u00e9VILLEL&rsquo;origine du projetAvec le soutien de l\u2019\u00c9tat, la R\u00e9gion Grand Est, le Conseil D\u00e9partemental de Meurthe-et-Moselleet la M\u00e9tropole du Grand Nancy, Ar\u00e9lia et la Banque Alimentaire se sont engag\u00e9s vers une action solidaire :LA TRANSFORMERIE. V\u00e9ritable objet de d\u00e9veloppement durable, cette activit\u00e9 permet l\u2019acc\u00e8s \u00e0 l\u2019emploi de 10 [&hellip;]<\/p>\n","protected":false},"author":1,"featured_media":0,"parent":2650,"menu_order":0,"comment_status":"closed","ping_status":"closed","template":"","meta":{"_et_pb_use_builder":"on","_et_pb_old_content":"","_et_gb_content_width":"","footnotes":""},"class_list":["post-2652","page","type-page","status-publish","hentry"],"_links":{"self":[{"href":"https:\/\/arelia-asso.fr\/index.php\/wp-json\/wp\/v2\/pages\/2652","targetHints":{"allow":["GET"]}}],"collection":[{"href":"https:\/\/arelia-asso.fr\/index.php\/wp-json\/wp\/v2\/pages"}],"about":[{"href":"https:\/\/arelia-asso.fr\/index.php\/wp-json\/wp\/v2\/types\/page"}],"author":[{"embeddable":true,"href":"https:\/\/arelia-asso.fr\/index.php\/wp-json\/wp\/v2\/users\/1"}],"replies":[{"embeddable":true,"href":"https:\/\/arelia-asso.fr\/index.php\/wp-json\/wp\/v2\/comments?post=2652"}],"version-history":[{"count":47,"href":"https:\/\/arelia-asso.fr\/index.php\/wp-json\/wp\/v2\/pages\/2652\/revisions"}],"predecessor-version":[{"id":4143,"href":"https:\/\/arelia-asso.fr\/index.php\/wp-json\/wp\/v2\/pages\/2652\/revisions\/4143"}],"up":[{"embeddable":true,"href":"https:\/\/arelia-asso.fr\/index.php\/wp-json\/wp\/v2\/pages\/2650"}],"wp:attachment":[{"href":"https:\/\/arelia-asso.fr\/index.php\/wp-json\/wp\/v2\/media?parent=2652"}],"curies":[{"name":"wp","href":"https:\/\/api.w.org\/{rel}","templated":true}]}}