{"id":2655,"date":"2022-09-21T11:16:04","date_gmt":"2022-09-21T09:16:04","guid":{"rendered":"https:\/\/arelia-asso.fr\/index.php\/nos-prestations\/batiment\/"},"modified":"2024-11-20T15:05:14","modified_gmt":"2024-11-20T14:05:14","slug":"batiment","status":"publish","type":"page","link":"https:\/\/arelia-asso.fr\/index.php\/nos-prestations\/batiment\/","title":{"rendered":"B\u00e2timent"},"content":{"rendered":"<p>[et_pb_section fb_built=\u00a0\u00bb1&Prime; _builder_version=\u00a0\u00bb4.18.0&Prime; _module_preset=\u00a0\u00bbdefault\u00a0\u00bb custom_padding=\u00a0\u00bb||10px|||\u00a0\u00bb global_colors_info=\u00a0\u00bb{}\u00a0\u00bb][et_pb_row _builder_version=\u00a0\u00bb4.18.0&Prime; _module_preset=\u00a0\u00bbdefault\u00a0\u00bb global_colors_info=\u00a0\u00bb{}\u00a0\u00bb][et_pb_column type=\u00a0\u00bb4_4&Prime; _builder_version=\u00a0\u00bb4.18.0&Prime; _module_preset=\u00a0\u00bbdefault\u00a0\u00bb global_colors_info=\u00a0\u00bb{}\u00a0\u00bb][et_pb_text _builder_version=\u00a0\u00bb4.27.0&Prime; _module_preset=\u00a0\u00bbdefault\u00a0\u00bb text_font=\u00a0\u00bb|800||on|||||\u00a0\u00bb text_text_color=\u00a0\u00bb#FF0066&Prime; text_font_size=\u00a0\u00bb64px\u00a0\u00bb custom_margin=\u00a0\u00bb||56px||false|false\u00a0\u00bb global_colors_info=\u00a0\u00bb{}\u00a0\u00bb]<\/p>\n<p style=\"text-align: center;\">B\u00e2timent<\/p>\n<p>[\/et_pb_text][et_pb_image src=\u00a0\u00bbhttps:\/\/arelia-asso.fr\/wp-content\/uploads\/2024\/11\/BATIMENT-BIS_169424544.jpeg\u00a0\u00bb _builder_version=\u00a0\u00bb4.27.3&Prime; _module_preset=\u00a0\u00bbdefault\u00a0\u00bb title_text=\u00a0\u00bbHouse painter pouring green paint\u00a0\u00bb hover_enabled=\u00a0\u00bb0&Prime; sticky_enabled=\u00a0\u00bb0&Prime;][\/et_pb_image][et_pb_text _builder_version=\u00a0\u00bb4.27.0&Prime; _module_preset=\u00a0\u00bbdefault\u00a0\u00bb global_colors_info=\u00a0\u00bb{}\u00a0\u00bb]<\/p>\n<h2 style=\"text-align: center;\">Site Sauvoy &#8211; 102 Rue des Solidarit\u00e9s &#8211; MAX\u00e9VILLE<\/h2>\n<p>[\/et_pb_text][et_pb_toggle title=\u00a0\u00bbprestations\u00a0\u00bb open=\u00a0\u00bbon\u00a0\u00bb open_toggle_text_color=\u00a0\u00bb#FF0066&Prime; open_toggle_background_color=\u00a0\u00bb#FFFFFF\u00a0\u00bb _builder_version=\u00a0\u00bb4.27.0&Prime; _module_preset=\u00a0\u00bbdefault\u00a0\u00bb title_text_color=\u00a0\u00bb#FFFFFF\u00a0\u00bb background_color=\u00a0\u00bb#FF0066&Prime; border_width_all=\u00a0\u00bb0px\u00a0\u00bb border_color_all=\u00a0\u00bb#FFFFFF\u00a0\u00bb global_colors_info=\u00a0\u00bb{}\u00a0\u00bb]<\/p>\n<p><strong>Travaux de ma\u00e7onnerie et de second-oeuvre :<\/strong><br \/>\u2022 Peinture ext\u00e9rieure et int\u00e9rieure<br \/>\u2022 Pose de rev\u00eatements muraux et aux sols<br \/>\u2022 Pose de pav\u00e9s<br \/>\u2022 Pose de cloison en plaque de pl\u00e2tre<br \/>\u2022 Petite ma\u00e7onnerie<br \/>\u2022 Pose de carrelage<br \/>\u2022 Terrassement<br \/>\u2022 D\u00e9molition<\/p>\n<hr \/>\n<h4>CONTACT<\/h4>\n<p><strong>Eric KUHNLE : 06 40 28 01 06<br \/><\/strong><a href=\"mailto:eric.kuhnle@arelia-asso.fr\">eric.kuhnle@arelia-asso.fr<\/a><strong><br \/><\/strong><strong><\/strong><\/p>\n<p><strong><\/strong><\/p>\n<p>&nbsp;<\/p>\n<p>[\/et_pb_toggle][\/et_pb_column][\/et_pb_row][\/et_pb_section]<\/p>\n","protected":false},"excerpt":{"rendered":"<p>B\u00e2timentSite Sauvoy &#8211; 102 Rue des Solidarit\u00e9s &#8211; MAX\u00e9VILLETravaux de ma\u00e7onnerie et de second-oeuvre :\u2022 Peinture ext\u00e9rieure et int\u00e9rieure\u2022 Pose de rev\u00eatements muraux et aux sols\u2022 Pose de pav\u00e9s\u2022 Pose de cloison en plaque de pl\u00e2tre\u2022 Petite ma\u00e7onnerie\u2022 Pose de carrelage\u2022 Terrassement\u2022 D\u00e9molition CONTACT Eric KUHNLE : 06 40 28 01 06eric.kuhnle@arelia-asso.fr &nbsp;<\/p>\n","protected":false},"author":1,"featured_media":0,"parent":2650,"menu_order":0,"comment_status":"closed","ping_status":"closed","template":"","meta":{"_et_pb_use_builder":"on","_et_pb_old_content":"","_et_gb_content_width":"","footnotes":""},"class_list":["post-2655","page","type-page","status-publish","hentry"],"_links":{"self":[{"href":"https:\/\/arelia-asso.fr\/index.php\/wp-json\/wp\/v2\/pages\/2655","targetHints":{"allow":["GET"]}}],"collection":[{"href":"https:\/\/arelia-asso.fr\/index.php\/wp-json\/wp\/v2\/pages"}],"about":[{"href":"https:\/\/arelia-asso.fr\/index.php\/wp-json\/wp\/v2\/types\/page"}],"author":[{"embeddable":true,"href":"https:\/\/arelia-asso.fr\/index.php\/wp-json\/wp\/v2\/users\/1"}],"replies":[{"embeddable":true,"href":"https:\/\/arelia-asso.fr\/index.php\/wp-json\/wp\/v2\/comments?post=2655"}],"version-history":[{"count":5,"href":"https:\/\/arelia-asso.fr\/index.php\/wp-json\/wp\/v2\/pages\/2655\/revisions"}],"predecessor-version":[{"id":3665,"href":"https:\/\/arelia-asso.fr\/index.php\/wp-json\/wp\/v2\/pages\/2655\/revisions\/3665"}],"up":[{"embeddable":true,"href":"https:\/\/arelia-asso.fr\/index.php\/wp-json\/wp\/v2\/pages\/2650"}],"wp:attachment":[{"href":"https:\/\/arelia-asso.fr\/index.php\/wp-json\/wp\/v2\/media?parent=2655"}],"curies":[{"name":"wp","href":"https:\/\/api.w.org\/{rel}","templated":true}]}}