{"id":2658,"date":"2022-09-21T11:16:04","date_gmt":"2022-09-21T09:16:04","guid":{"rendered":"https:\/\/arelia-asso.fr\/index.php\/nos-prestations\/blanchisserie-repassage-couture\/"},"modified":"2025-03-19T09:58:57","modified_gmt":"2025-03-19T08:58:57","slug":"blanchisserie-repassage-couture","status":"publish","type":"page","link":"https:\/\/arelia-asso.fr\/index.php\/nos-prestations\/blanchisserie-repassage-couture\/","title":{"rendered":"Blanchisserie, repassage, couture"},"content":{"rendered":"<p>[et_pb_section fb_built=\u00a0\u00bb1&Prime; _builder_version=\u00a0\u00bb4.18.0&Prime; _module_preset=\u00a0\u00bbdefault\u00a0\u00bb custom_padding=\u00a0\u00bb||10px|||\u00a0\u00bb global_colors_info=\u00a0\u00bb{}\u00a0\u00bb][et_pb_row _builder_version=\u00a0\u00bb4.18.0&Prime; _module_preset=\u00a0\u00bbdefault\u00a0\u00bb global_colors_info=\u00a0\u00bb{}\u00a0\u00bb][et_pb_column type=\u00a0\u00bb4_4&Prime; _builder_version=\u00a0\u00bb4.18.0&Prime; _module_preset=\u00a0\u00bbdefault\u00a0\u00bb global_colors_info=\u00a0\u00bb{}\u00a0\u00bb][et_pb_text _builder_version=\u00a0\u00bb4.27.4&Prime; _module_preset=\u00a0\u00bbdefault\u00a0\u00bb text_font=\u00a0\u00bb|800||on|||||\u00a0\u00bb text_text_color=\u00a0\u00bb#FF0066&Prime; text_font_size=\u00a0\u00bb64px\u00a0\u00bb custom_margin=\u00a0\u00bb||56px||false|false\u00a0\u00bb hover_enabled=\u00a0\u00bb0&Prime; global_colors_info=\u00a0\u00bb{}\u00a0\u00bb sticky_enabled=\u00a0\u00bb0&Prime;]<\/p>\n<p style=\"text-align: center;\">Blanchisserie, repassage,<\/p>\n<p style=\"text-align: center;\">couture<\/p>\n<p>[\/et_pb_text][et_pb_image src=\u00a0\u00bbhttps:\/\/arelia-asso.fr\/wp-content\/uploads\/2024\/11\/BLANCHISSERIE_295147149.jpeg\u00a0\u00bb title_text=\u00a0\u00bbman on ironing board stroking towels\u00a0\u00bb _builder_version=\u00a0\u00bb4.27.3&Prime; _module_preset=\u00a0\u00bbdefault\u00a0\u00bb global_colors_info=\u00a0\u00bb{}\u00a0\u00bb][\/et_pb_image][et_pb_text _builder_version=\u00a0\u00bb4.27.0&Prime; _module_preset=\u00a0\u00bbdefault\u00a0\u00bb global_colors_info=\u00a0\u00bb{}\u00a0\u00bb]<\/p>\n<h2 style=\"text-align: center;\">Pour particuliers, entreprises, collectivit\u00e9s\u2026<\/h2>\n<h2 style=\"text-align: center;\">Site Sauvoy &#8211; 102 Rue des Solidarit\u00e9s &#8211; MAX\u00e9VILLE<\/h2>\n<p>[\/et_pb_text][et_pb_toggle title=\u00a0\u00bbprestations\u00a0\u00bb open=\u00a0\u00bbon\u00a0\u00bb open_toggle_text_color=\u00a0\u00bb#FF0066&Prime; open_toggle_background_color=\u00a0\u00bb#FFFFFF\u00a0\u00bb _builder_version=\u00a0\u00bb4.27.4&Prime; _module_preset=\u00a0\u00bbdefault\u00a0\u00bb title_text_color=\u00a0\u00bb#FFFFFF\u00a0\u00bb background_color=\u00a0\u00bb#FF0066&Prime; border_width_all=\u00a0\u00bb0px\u00a0\u00bb border_color_all=\u00a0\u00bb#FFFFFF\u00a0\u00bb global_colors_info=\u00a0\u00bb{}\u00a0\u00bb]<\/p>\n<blockquote>\n<p><strong>V\u00eatements, linge de maison, v\u00eatements professionnels, linge plat<\/strong><br \/>\u2022 Blanchisserie<br \/>\u2022 S\u00e9chage<br \/>\u2022 Repassage<br \/>\u2022 Travaux de petite couture<\/p>\n<\/blockquote>\n<p><strong>Livraison en entreprise<\/strong><br \/><strong>Livraison chez des particuliers<\/strong><br \/><strong>Sur place<\/strong><\/p>\n<p><strong><\/strong><\/p>\n<hr \/>\n<h4>CONTACTS<\/h4>\n<p style=\"font-weight: 400;\"><strong>Amidonn\u00e9\u00a0<br \/><\/strong><strong>06 08 49 99 64<\/strong><br \/><a href=\"mailto:amidonne@arelia-asso.fr\">amidonne@arelia-asso.fr<\/a><\/p>\n<p style=\"font-weight: 400;\"><strong>Blanchisserie linge plat<br \/><\/strong><strong>07 84 45 15 02<br \/><\/strong><a href=\"mailto:service.blanchisserie@arelia-asso.fr\">service.blanchisserie@arelia-asso.fr<\/a><\/p>\n<p>[\/et_pb_toggle][\/et_pb_column][\/et_pb_row][\/et_pb_section]<\/p>\n","protected":false},"excerpt":{"rendered":"<p>Blanchisserie, repassage, couturePour particuliers, entreprises, collectivit\u00e9s\u2026 Site Sauvoy &#8211; 102 Rue des Solidarit\u00e9s &#8211; MAX\u00e9VILLE V\u00eatements, linge de maison, v\u00eatements professionnels, linge plat\u2022 Blanchisserie\u2022 S\u00e9chage\u2022 Repassage\u2022 Travaux de petite couture Livraison en entrepriseLivraison chez des particuliersSur place CONTACTS Amidonn\u00e9\u00a006 08 49 99 64amidonne@arelia-asso.fr Blanchisserie linge plat07 84 45 15 02service.blanchisserie@arelia-asso.fr<\/p>\n","protected":false},"author":1,"featured_media":0,"parent":2650,"menu_order":0,"comment_status":"closed","ping_status":"closed","template":"","meta":{"_et_pb_use_builder":"on","_et_pb_old_content":"","_et_gb_content_width":"","footnotes":""},"class_list":["post-2658","page","type-page","status-publish","hentry"],"_links":{"self":[{"href":"https:\/\/arelia-asso.fr\/index.php\/wp-json\/wp\/v2\/pages\/2658","targetHints":{"allow":["GET"]}}],"collection":[{"href":"https:\/\/arelia-asso.fr\/index.php\/wp-json\/wp\/v2\/pages"}],"about":[{"href":"https:\/\/arelia-asso.fr\/index.php\/wp-json\/wp\/v2\/types\/page"}],"author":[{"embeddable":true,"href":"https:\/\/arelia-asso.fr\/index.php\/wp-json\/wp\/v2\/users\/1"}],"replies":[{"embeddable":true,"href":"https:\/\/arelia-asso.fr\/index.php\/wp-json\/wp\/v2\/comments?post=2658"}],"version-history":[{"count":14,"href":"https:\/\/arelia-asso.fr\/index.php\/wp-json\/wp\/v2\/pages\/2658\/revisions"}],"predecessor-version":[{"id":4338,"href":"https:\/\/arelia-asso.fr\/index.php\/wp-json\/wp\/v2\/pages\/2658\/revisions\/4338"}],"up":[{"embeddable":true,"href":"https:\/\/arelia-asso.fr\/index.php\/wp-json\/wp\/v2\/pages\/2650"}],"wp:attachment":[{"href":"https:\/\/arelia-asso.fr\/index.php\/wp-json\/wp\/v2\/media?parent=2658"}],"curies":[{"name":"wp","href":"https:\/\/api.w.org\/{rel}","templated":true}]}}