{"id":2670,"date":"2022-09-21T11:16:05","date_gmt":"2022-09-21T09:16:05","guid":{"rendered":"https:\/\/arelia-asso.fr\/index.php\/contacts\/"},"modified":"2023-05-04T16:28:33","modified_gmt":"2023-05-04T14:28:33","slug":"contacts","status":"publish","type":"page","link":"https:\/\/arelia-asso.fr\/index.php\/contacts\/","title":{"rendered":"Contacts"},"content":{"rendered":"<p>[et_pb_section fb_built=\u00a0\u00bb1&Prime; _builder_version=\u00a0\u00bb4.18.0&Prime; _module_preset=\u00a0\u00bbdefault\u00a0\u00bb custom_padding=\u00a0\u00bb||10px|||\u00a0\u00bb global_colors_info=\u00a0\u00bb{}\u00a0\u00bb theme_builder_area=\u00a0\u00bbpost_content\u00a0\u00bb][et_pb_row _builder_version=\u00a0\u00bb4.18.0&Prime; _module_preset=\u00a0\u00bbdefault\u00a0\u00bb global_colors_info=\u00a0\u00bb{}\u00a0\u00bb theme_builder_area=\u00a0\u00bbpost_content\u00a0\u00bb][et_pb_column type=\u00a0\u00bb4_4&Prime; _builder_version=\u00a0\u00bb4.18.0&Prime; _module_preset=\u00a0\u00bbdefault\u00a0\u00bb global_colors_info=\u00a0\u00bb{}\u00a0\u00bb theme_builder_area=\u00a0\u00bbpost_content\u00a0\u00bb][et_pb_text _builder_version=\u00a0\u00bb4.20.2&Prime; _module_preset=\u00a0\u00bbdefault\u00a0\u00bb text_font=\u00a0\u00bb|800||on|||||\u00a0\u00bb text_text_color=\u00a0\u00bb#FF0066&Prime; text_font_size=\u00a0\u00bb64px\u00a0\u00bb custom_margin=\u00a0\u00bb||56px||false|false\u00a0\u00bb hover_enabled=\u00a0\u00bb0&Prime; global_colors_info=\u00a0\u00bb{}\u00a0\u00bb theme_builder_area=\u00a0\u00bbpost_content\u00a0\u00bb sticky_enabled=\u00a0\u00bb0&Prime;]<\/p>\n<p style=\"text-align: center;\">Contacts<\/p>\n<p>[\/et_pb_text][et_pb_text _builder_version=\u00a0\u00bb4.20.2&Prime; _module_preset=\u00a0\u00bbdefault\u00a0\u00bb theme_builder_area=\u00a0\u00bbpost_content\u00a0\u00bb hover_enabled=\u00a0\u00bb0&Prime; sticky_enabled=\u00a0\u00bb0&Prime;]<\/p>\n<p><span style=\"color: #ff0066;\">Nomenclature<strong> des adresses de messagerie pour l\u2019ensemble des salari\u00e9s d\u2019Ar\u00e9lia :<\/strong> <\/span><br \/>pr\u00e9nom.nom@arelia-asso.fr<\/p>\n<p><span style=\"color: #990099;\"><strong>Sur la M\u00e9tropole du Grand Nancy<\/strong><\/span><\/p>\n<p><span style=\"color: #990099;\"><strong>SI\u00c8GE SOCIAL<\/strong><\/span><br \/>(Si\u00e8ge, CHRS, FVV, AVA et chantiers d\u2019insertion, HU 177)<br \/>87 bis Avenue du Gal Leclerc<br \/>54000 NANCY<br \/>03\u2009\u200983\u2009\u200915\u2009\u200910\u2009\u200950<\/p>\n<p><span style=\"color: #990099;\"><strong>Site Grand Sauvoy<\/strong><\/span><br \/>(CHRS, Stabilisation, HU 177, AVA, chantiers d\u2019insertion Action Sauvoy, Sauvoy Restauration, DHUSS)<br \/>102 rue des Solidarit\u00e9s<br \/>54320 MAXEVILLE<br \/>03\u2009\u200983\u2009\u200996\u2009\u200937\u2009\u200953<\/p>\n<p><span style=\"color: #990099;\"><strong>SITE VILLARD<\/strong><\/span><br \/>(CHRS)<br \/>36 Rue Pierre Villard<br \/>54000 NANCY<br \/>03 83 54 83 83<\/p>\n<p><span style=\"color: #990099;\"><strong>Site Lib\u00e9ration<\/strong><\/span><br \/>(CHRS, AVA, Espace de Rencontre La Fourmili\u00e8re, PE, AAEP)<br \/>269 Avenue de la Lib\u00e9ration<br \/>54000 NANCY<br \/>03\u2009\u200983\u2009\u200996\u2009\u200910\u2009\u200948<\/p>\n<p><span style=\"color: #990099;\"><strong>Sites de Vand\u0153uvre<\/strong><\/span><br \/>(M\u00e9diation familiale, audition de mineurs, ASLL)<br \/>B\u00e2timent Les Roitelets<br \/>7-8 Rue du Luxembourg<br \/>54500 VAND\u0153UVRE<br \/>03\u2009\u200983\u2009\u200928\u2009\u200975\u2009\u200938<\/p>\n<p><span style=\"color: #990099;\"><strong>GSA<\/strong><\/span><br \/>1 Rue Robert Schuman<br \/>54500 VANDOEUVRE<br \/>07 85 45 13 28<\/p>\n<p><strong><span style=\"color: #990099;\">RELIANCE \u2013 PROJECTION &#8211; ALTER-NATIVE &#8211; ACTIVE\u2008SOLO<\/span><\/strong><br \/>9\u201311 Rue Robert Schuman<br \/>54500 VANDOEUVRE<br \/>03 83 98 40 26<br \/>reliance@arelia-asso.fr<\/p>\n<p><span style=\"color: #990099;\"><strong>Site esp\u00e9rance<\/strong><\/span><br \/>(HUDA, CHRS, HUAS)<br \/>104 Bd Emile Zola<br \/>54520 LAXOU<br \/>03 83 31 19 87<\/p>\n<p><span style=\"color: #ff6666;\"><strong>Sur Terres de Lorraine<\/strong><\/span><br \/><span style=\"color: #ff6666;\"><strong>et Val de Lorraine<\/strong><\/span><\/p>\n<p><span style=\"color: #ff6666;\"><strong>SITES DE TOUL<\/strong><\/span><br \/>(SAO, CHRS, ASLL, AVDL)<br \/>5 B Place du Pont des Cordeliers<br \/>54200 TOUL<br \/>03\u2009\u200983\u2009\u200963\u2009\u200979\u2009\u200901<\/p>\n<p>(M\u00e9diation familiale)<br \/>1 rue des Moutons<br \/>54200 TOUL<br \/>03 83 28 75 38<\/p>\n<p><span style=\"color: #ff6666;\"><strong>FRATERNITE SUD LORRAINE<\/strong><\/span><br \/>Chantiers d\u2019insertion \u201cLe Longeau\u201d<br \/>Route de Verdun, 54200 TOUL<br \/>03\u2009\u200983\u2009\u200943\u2009\u200903\u2009\u200918<\/p>\n<p><span style=\"color: #ff6666;\"><strong>PENSION\u2008DE\u2008FAMILLE<\/strong><\/span><br \/><span style=\"color: #ff6666;\"><strong>LA CUESTA<\/strong> <\/span><br \/>B\u00e2t. Offenbach<br \/>329 Rue du Clos des Gr\u00e8ves<br \/>54200 TOUL<br \/>03\u2009\u200983\u2009\u200964\u2009\u200909\u2009\u200943<\/p>\n<p><span style=\"color: #ff0066;\"><strong>Site Pont \u00e0 Mousson<\/strong><\/span><br \/>(Antenne ASP Val de Lorraine, FVV Val de Lorraine, Alter-Native)<br \/>24 rue Thibaut 2<br \/>54700 PONT-A-MOUSSON<\/p>\n<p><span style=\"color: #ff0066;\"><strong>Sur Pompey<\/strong><\/span><br \/>(Alter &#8211; Native, PROJECTION &#8211; ACTIVE SOLO) rue des 4 \u00e9l\u00e9ments, 54340 Pompey<\/p>\n<p><span style=\"color: #cc3366;\"><strong>Sur la Moselle<\/strong><\/span><br \/><span style=\"color: #cc3366;\"><strong>Atelier Borny<\/strong><\/span><br \/>(Chantier d\u2019insertion)<br \/>8 rue du Maine<br \/>57070 METZ BORNY<br \/>03\u2009\u200987\u2009\u200937\u2009\u200979\u2009\u200910<\/p>\n<p><span style=\"color: #cc3366;\"><strong>ELISE LORRAINE<\/strong><\/span><br \/>(Chantier d\u2019insertion)<br \/>27 Rue des Feivres<br \/>57070 METZ BORNY<br \/>03\u2009\u200987\u2009\u200918\u2009\u200901\u2009\u200923<\/p>\n<p>[\/et_pb_text][\/et_pb_column][\/et_pb_row][\/et_pb_section]<\/p>\n","protected":false},"excerpt":{"rendered":"<p>ContactsNomenclature des adresses de messagerie pour l\u2019ensemble des salari\u00e9s d\u2019Ar\u00e9lia : pr\u00e9nom.nom@arelia-asso.fr Sur la M\u00e9tropole du Grand Nancy SI\u00c8GE SOCIAL(Si\u00e8ge, CHRS, FVV, AVA et chantiers d\u2019insertion, HU 177)87 bis Avenue du Gal Leclerc54000 NANCY03\u2009\u200983\u2009\u200915\u2009\u200910\u2009\u200950 Site Grand Sauvoy(CHRS, Stabilisation, HU 177, AVA, chantiers d\u2019insertion Action Sauvoy, Sauvoy Restauration, DHUSS)102 rue des Solidarit\u00e9s54320 MAXEVILLE03\u2009\u200983\u2009\u200996\u2009\u200937\u2009\u200953 SITE VILLARD(CHRS)36 Rue [&hellip;]<\/p>\n","protected":false},"author":1,"featured_media":0,"parent":0,"menu_order":0,"comment_status":"closed","ping_status":"closed","template":"","meta":{"_et_pb_use_builder":"on","_et_pb_old_content":"","_et_gb_content_width":"","footnotes":""},"class_list":["post-2670","page","type-page","status-publish","hentry"],"_links":{"self":[{"href":"https:\/\/arelia-asso.fr\/index.php\/wp-json\/wp\/v2\/pages\/2670","targetHints":{"allow":["GET"]}}],"collection":[{"href":"https:\/\/arelia-asso.fr\/index.php\/wp-json\/wp\/v2\/pages"}],"about":[{"href":"https:\/\/arelia-asso.fr\/index.php\/wp-json\/wp\/v2\/types\/page"}],"author":[{"embeddable":true,"href":"https:\/\/arelia-asso.fr\/index.php\/wp-json\/wp\/v2\/users\/1"}],"replies":[{"embeddable":true,"href":"https:\/\/arelia-asso.fr\/index.php\/wp-json\/wp\/v2\/comments?post=2670"}],"version-history":[{"count":3,"href":"https:\/\/arelia-asso.fr\/index.php\/wp-json\/wp\/v2\/pages\/2670\/revisions"}],"predecessor-version":[{"id":2961,"href":"https:\/\/arelia-asso.fr\/index.php\/wp-json\/wp\/v2\/pages\/2670\/revisions\/2961"}],"wp:attachment":[{"href":"https:\/\/arelia-asso.fr\/index.php\/wp-json\/wp\/v2\/media?parent=2670"}],"curies":[{"name":"wp","href":"https:\/\/api.w.org\/{rel}","templated":true}]}}