{"id":2730,"date":"2022-10-17T11:12:52","date_gmt":"2022-10-17T09:12:52","guid":{"rendered":"https:\/\/arelia-asso.fr\/index.php\/chrs-famille\/"},"modified":"2023-05-04T16:47:40","modified_gmt":"2023-05-04T14:47:40","slug":"chrs-famille","status":"publish","type":"page","link":"https:\/\/arelia-asso.fr\/index.php\/nos-actions\/heberger\/chrs-famille\/","title":{"rendered":"CHRS Famille"},"content":{"rendered":"<p>[et_pb_section fb_built=\u00a0\u00bb1&Prime; _builder_version=\u00a0\u00bb4.18.0&Prime; _module_preset=\u00a0\u00bbdefault\u00a0\u00bb custom_padding=\u00a0\u00bb||10px|||\u00a0\u00bb global_colors_info=\u00a0\u00bb{}\u00a0\u00bb][et_pb_row _builder_version=\u00a0\u00bb4.18.0&Prime; _module_preset=\u00a0\u00bbdefault\u00a0\u00bb custom_padding=\u00a0\u00bb||3px|||\u00a0\u00bb global_colors_info=\u00a0\u00bb{}\u00a0\u00bb][et_pb_column type=\u00a0\u00bb4_4&Prime; _builder_version=\u00a0\u00bb4.18.0&Prime; _module_preset=\u00a0\u00bbdefault\u00a0\u00bb global_colors_info=\u00a0\u00bb{}\u00a0\u00bb][et_pb_text _builder_version=\u00a0\u00bb4.18.0&Prime; _module_preset=\u00a0\u00bbdefault\u00a0\u00bb text_font=\u00a0\u00bb|800|||||||\u00a0\u00bb text_text_color=\u00a0\u00bb#990099&Prime; text_font_size=\u00a0\u00bb52px\u00a0\u00bb custom_margin=\u00a0\u00bb||62px|||\u00a0\u00bb global_colors_info=\u00a0\u00bb{}\u00a0\u00bb]<\/p>\n<p style=\"text-align: center;\">CHRS Famille<\/p>\n<p>[\/et_pb_text][\/et_pb_column][\/et_pb_row][et_pb_row _builder_version=\u00a0\u00bb4.18.0&Prime; _module_preset=\u00a0\u00bbdefault\u00a0\u00bb background_enable_color=\u00a0\u00bboff\u00a0\u00bb custom_padding=\u00a0\u00bb5px|||||\u00a0\u00bb global_colors_info=\u00a0\u00bb{}\u00a0\u00bb][et_pb_column type=\u00a0\u00bb4_4&Prime; _builder_version=\u00a0\u00bb4.18.0&Prime; _module_preset=\u00a0\u00bbdefault\u00a0\u00bb global_colors_info=\u00a0\u00bb{}\u00a0\u00bb][et_pb_text _builder_version=\u00a0\u00bb4.18.0&Prime; _module_preset=\u00a0\u00bbdefault\u00a0\u00bb custom_margin=\u00a0\u00bb||12px||false|false\u00a0\u00bb global_colors_info=\u00a0\u00bb{}\u00a0\u00bb]<\/p>\n<h1 style=\"text-align: left;\"><span style=\"color: #ff0066;\"><span style=\"color: #cc3366;\">Nos dispositifs<\/span><\/span><\/h1>\n<p>[\/et_pb_text][et_pb_text _builder_version=\u00a0\u00bb4.18.0&Prime; _module_preset=\u00a0\u00bbdefault\u00a0\u00bb text_font=\u00a0\u00bb|600|||||||\u00a0\u00bb text_font_size=\u00a0\u00bb18px\u00a0\u00bb text_line_height=\u00a0\u00bb1.9em\u00a0\u00bb global_colors_info=\u00a0\u00bb{}\u00a0\u00bb]<\/p>\n<p style=\"text-align: justify;\"><span style=\"color: #ff0066;\"><\/span>Financement par l\u2019\u00c9tat via la Direction D\u00e9partementale de la Coh\u00e9sion Sociale.\u2028<br \/>En compl\u00e9ment, participation des r\u00e9sidents aux frais d&rsquo;h\u00e9bergement.<\/p>\n<p>[\/et_pb_text][et_pb_toggle title=\u00a0\u00bbMissions\u00a0\u00bb _builder_version=\u00a0\u00bb4.20.2&Prime; _module_preset=\u00a0\u00bbdefault\u00a0\u00bb open=\u00a0\u00bbon\u00a0\u00bb icon_color=\u00a0\u00bb#FF0066&Prime; open_icon_color=\u00a0\u00bb#CC3366&Prime; hover_enabled=\u00a0\u00bb0&Prime; sticky_enabled=\u00a0\u00bb0&Prime; closed_toggle_background_color=\u00a0\u00bbrgba(255,0,102,0.18)\u00a0\u00bb border_color_all=\u00a0\u00bb#FF0066&Prime; open_toggle_text_color=\u00a0\u00bb#FF0066&Prime; closed_toggle_text_color=\u00a0\u00bb#FF0066&Prime;]<\/p>\n<p style=\"text-align: justify;\">Nos Centres d&rsquo;H\u00e9bergement et de R\u00e9insertion Sociale (CHRS) ont pour mission d&rsquo;assurer :<br \/>\u2022 l&rsquo;accueil et l\u2019orientation notamment en urgence,<br \/>\u2022 l&rsquo;h\u00e9bergement et le logement, individuel ou collectif, dans ou en dehors des murs,<br \/>\u2022 le soutien et l&rsquo;accompagnement social,<br \/>\u2022 l\u2019adaptation \u00e0 la vie active et l&rsquo;insertion sociale et professionnelle.<\/p>\n<p>[\/et_pb_toggle][et_pb_toggle title=\u00a0\u00bbPublic\u00a0\u00bb _builder_version=\u00a0\u00bb4.20.2&Prime; _module_preset=\u00a0\u00bbdefault\u00a0\u00bb open=\u00a0\u00bbon\u00a0\u00bb icon_color=\u00a0\u00bb#FF0066&Prime; open_icon_color=\u00a0\u00bb#CC3366&Prime; hover_enabled=\u00a0\u00bb0&Prime; sticky_enabled=\u00a0\u00bb0&Prime; closed_toggle_background_color=\u00a0\u00bbrgba(255,0,102,0.18)\u00a0\u00bb border_color_all=\u00a0\u00bb#FF0066&Prime; open_toggle_text_color=\u00a0\u00bb#FF0066&Prime; closed_toggle_text_color=\u00a0\u00bb#FF0066&Prime;]<\/p>\n<p style=\"text-align: justify;\">Personnes majeures, femmes seules, familles monoparentales, couples avec enfants en situation d\u2019exclusion ou de pr\u00e9carit\u00e9 suite \u00e0 des difficult\u00e9s d\u2019ordre social, familial ou \u00e9conomique.<\/p>\n<p>[\/et_pb_toggle][et_pb_toggle title=\u00a0\u00bbCapacit\u00e9\u00a0\u00bb _builder_version=\u00a0\u00bb4.20.2&Prime; _module_preset=\u00a0\u00bbdefault\u00a0\u00bb open=\u00a0\u00bbon\u00a0\u00bb icon_color=\u00a0\u00bb#FF0066&Prime; open_icon_color=\u00a0\u00bb#CC3366&Prime; hover_enabled=\u00a0\u00bb0&Prime; sticky_enabled=\u00a0\u00bb0&Prime; closed_toggle_background_color=\u00a0\u00bbrgba(255,0,102,0.18)\u00a0\u00bb border_color_all=\u00a0\u00bb#FF0066&Prime; open_toggle_text_color=\u00a0\u00bb#FF0066&Prime; closed_toggle_text_color=\u00a0\u00bb#FF0066&Prime;]<\/p>\n<p style=\"text-align: justify;\">90 places offertes :<br \/>\u2022 Site Leclerc : 35 places en structure collective et 30 en h\u00e9bergement \u00ab hors les murs \u00bb ou bail glissant.<br \/>\u2022 Site Terres de Lorraine : 25 places en h\u00e9bergement diffus, dit \u00ab hors les murs \u00bb.<\/p>\n<p>[\/et_pb_toggle][et_pb_toggle title=\u00a0\u00bbFonctionnement\u00a0\u00bb _builder_version=\u00a0\u00bb4.20.2&Prime; _module_preset=\u00a0\u00bbdefault\u00a0\u00bb open=\u00a0\u00bbon\u00a0\u00bb icon_color=\u00a0\u00bb#FF0066&Prime; open_icon_color=\u00a0\u00bb#CC3366&Prime; hover_enabled=\u00a0\u00bb0&Prime; sticky_enabled=\u00a0\u00bb0&Prime; closed_toggle_background_color=\u00a0\u00bbrgba(255,0,102,0.18)\u00a0\u00bb border_color_all=\u00a0\u00bb#FF0066&Prime; open_toggle_text_color=\u00a0\u00bb#FF0066&Prime; closed_toggle_text_color=\u00a0\u00bb#FF0066&Prime;]<\/p>\n<p style=\"text-align: justify;\">Fonctionnement 365 jours par an et 24h sur 24.<br \/>Restauration : collective en semaine, assur\u00e9e par les r\u00e9sidents le week-end sur le site Leclerc et appartements \u00e9quip\u00e9s de cuisine sur les places hors les murs.<br \/>Surveillance de nuit exerc\u00e9e par un prestataire externe.<\/p>\n<p>[\/et_pb_toggle][et_pb_toggle title=\u00a0\u00bbFinancement\u00a0\u00bb _builder_version=\u00a0\u00bb4.20.2&Prime; _module_preset=\u00a0\u00bbdefault\u00a0\u00bb open=\u00a0\u00bbon\u00a0\u00bb icon_color=\u00a0\u00bb#FF0066&Prime; open_icon_color=\u00a0\u00bb#CC3366&Prime; hover_enabled=\u00a0\u00bb0&Prime; sticky_enabled=\u00a0\u00bb0&Prime; closed_toggle_background_color=\u00a0\u00bbrgba(255,0,102,0.18)\u00a0\u00bb border_color_all=\u00a0\u00bb#FF0066&Prime; open_toggle_text_color=\u00a0\u00bb#FF0066&Prime; closed_toggle_text_color=\u00a0\u00bb#FF0066&Prime;]<\/p>\n<p style=\"text-align: justify;\">Financement CHRS par l\u2019\u00c9tat via la Direction D\u00e9partementale de l\u2019Emploi, du Travail et des Solidarit\u00e9 (DDETS).\u2028En compl\u00e9ment, participation des r\u00e9sidents aux frais d&rsquo;h\u00e9bergement.<\/p>\n<p>[\/et_pb_toggle][et_pb_toggle title=\u00a0\u00bbLieu g\u00e9ographique\u00a0\u00bb _builder_version=\u00a0\u00bb4.20.2&Prime; _module_preset=\u00a0\u00bbdefault\u00a0\u00bb open=\u00a0\u00bbon\u00a0\u00bb icon_color=\u00a0\u00bb#FF0066&Prime; open_icon_color=\u00a0\u00bb#CC3366&Prime; hover_enabled=\u00a0\u00bb0&Prime; sticky_enabled=\u00a0\u00bb0&Prime; closed_toggle_background_color=\u00a0\u00bbrgba(255,0,102,0.18)\u00a0\u00bb border_color_all=\u00a0\u00bb#FF0066&Prime; open_toggle_text_color=\u00a0\u00bb#FF0066&Prime; closed_toggle_text_color=\u00a0\u00bb#FF0066&Prime;]<\/p>\n<p style=\"text-align: justify;\">Site Leclerc : 87bis Avenue du G\u00e9n\u00e9ral Leclerc &#8211; 54000 NANCY<br \/>Site Terres de Lorraine : 5bis Rue du Pont des Cordeliers &#8211; 54200 TOUL<\/p>\n<p>[\/et_pb_toggle][et_pb_toggle title=\u00a0\u00bbContact\u00a0\u00bb _builder_version=\u00a0\u00bb4.20.2&Prime; _module_preset=\u00a0\u00bbdefault\u00a0\u00bb open=\u00a0\u00bbon\u00a0\u00bb icon_color=\u00a0\u00bb#FF0066&Prime; open_icon_color=\u00a0\u00bb#CC3366&Prime; hover_enabled=\u00a0\u00bb0&Prime; sticky_enabled=\u00a0\u00bb0&Prime; closed_toggle_background_color=\u00a0\u00bbrgba(255,0,102,0.18)\u00a0\u00bb border_color_all=\u00a0\u00bb#FF0066&Prime; open_toggle_text_color=\u00a0\u00bb#FF0066&Prime; closed_toggle_text_color=\u00a0\u00bb#FF0066&Prime;]<\/p>\n<p style=\"text-align: justify;\">Site Leclerc : 03 83 15 10 52<br \/>Site Terres de Lorraine :\u00a003 83\u00a063 79 01<\/p>\n<p>[\/et_pb_toggle][et_pb_testimonial portrait_url=\u00a0\u00bbhttps:\/\/arelia-asso.fr\/wp-content\/uploads\/2021\/10\/Are\u0301lia-LOGO.png\u00a0\u00bb quote_icon_color=\u00a0\u00bb#990099&Prime; quote_icon_background_color=\u00a0\u00bbRGBA(255,255,255,0)\u00a0\u00bb font_icon=\u00a0\u00bb&#xe0dd;||divi||400&Prime; portrait_width=\u00a0\u00bb150px\u00a0\u00bb portrait_height=\u00a0\u00bb150px\u00a0\u00bb _builder_version=\u00a0\u00bb4.18.0&Prime; _module_preset=\u00a0\u00bbdefault\u00a0\u00bb border_radii_portrait=\u00a0\u00bbon|0px|0px|0px|0px\u00a0\u00bb border_width_all_portrait=\u00a0\u00bb34px\u00a0\u00bb border_color_all_portrait=\u00a0\u00bbRGBA(255,255,255,0)\u00a0\u00bb border_style_all_portrait=\u00a0\u00bbnone\u00a0\u00bb border_width_top_portrait=\u00a0\u00bb25px\u00a0\u00bb border_color_top_portrait=\u00a0\u00bbRGBA(255,255,255,0)\u00a0\u00bb border_color_right_portrait=\u00a0\u00bbRGBA(255,255,255,0)\u00a0\u00bb border_color_bottom_portrait=\u00a0\u00bbRGBA(255,255,255,0)\u00a0\u00bb border_color_left_portrait=\u00a0\u00bbRGBA(255,255,255,0)\u00a0\u00bb box_shadow_style_image=\u00a0\u00bbpreset1&Prime; global_colors_info=\u00a0\u00bb{}\u00a0\u00bb]<\/p>\n<h3>QUELQUES CHIFFRES<\/h3>\n<p><strong>\u2022 En 2021, 197 personnes ont \u00e9t\u00e9 accueillies sur l&rsquo;ensemble de nos CHRS \u00ab\u00a0familles\u00a0\u00bb<\/strong><\/p>\n<p>[\/et_pb_testimonial][\/et_pb_column][\/et_pb_row][\/et_pb_section][et_pb_section fb_built=\u00a0\u00bb1&Prime; _builder_version=\u00a0\u00bb4.16&Prime; _module_preset=\u00a0\u00bbdefault\u00a0\u00bb custom_padding=\u00a0\u00bb4px|||||\u00a0\u00bb global_colors_info=\u00a0\u00bb{}\u00a0\u00bb][\/et_pb_section]<\/p>\n","protected":false},"excerpt":{"rendered":"<p>CHRS FamilleNos dispositifsFinancement par l\u2019\u00c9tat via la Direction D\u00e9partementale de la Coh\u00e9sion Sociale.\u2028En compl\u00e9ment, participation des r\u00e9sidents aux frais d&rsquo;h\u00e9bergement.Nos Centres d&rsquo;H\u00e9bergement et de R\u00e9insertion Sociale (CHRS) ont pour mission d&rsquo;assurer :\u2022 l&rsquo;accueil et l\u2019orientation notamment en urgence,\u2022 l&rsquo;h\u00e9bergement et le logement, individuel ou collectif, dans ou en dehors des murs,\u2022 le soutien et l&rsquo;accompagnement [&hellip;]<\/p>\n","protected":false},"author":1,"featured_media":0,"parent":2649,"menu_order":0,"comment_status":"closed","ping_status":"closed","template":"","meta":{"_et_pb_use_builder":"on","_et_pb_old_content":"","_et_gb_content_width":"","footnotes":""},"class_list":["post-2730","page","type-page","status-publish","hentry"],"_links":{"self":[{"href":"https:\/\/arelia-asso.fr\/index.php\/wp-json\/wp\/v2\/pages\/2730","targetHints":{"allow":["GET"]}}],"collection":[{"href":"https:\/\/arelia-asso.fr\/index.php\/wp-json\/wp\/v2\/pages"}],"about":[{"href":"https:\/\/arelia-asso.fr\/index.php\/wp-json\/wp\/v2\/types\/page"}],"author":[{"embeddable":true,"href":"https:\/\/arelia-asso.fr\/index.php\/wp-json\/wp\/v2\/users\/1"}],"replies":[{"embeddable":true,"href":"https:\/\/arelia-asso.fr\/index.php\/wp-json\/wp\/v2\/comments?post=2730"}],"version-history":[{"count":17,"href":"https:\/\/arelia-asso.fr\/index.php\/wp-json\/wp\/v2\/pages\/2730\/revisions"}],"predecessor-version":[{"id":2975,"href":"https:\/\/arelia-asso.fr\/index.php\/wp-json\/wp\/v2\/pages\/2730\/revisions\/2975"}],"up":[{"embeddable":true,"href":"https:\/\/arelia-asso.fr\/index.php\/wp-json\/wp\/v2\/pages\/2649"}],"wp:attachment":[{"href":"https:\/\/arelia-asso.fr\/index.php\/wp-json\/wp\/v2\/media?parent=2730"}],"curies":[{"name":"wp","href":"https:\/\/api.w.org\/{rel}","templated":true}]}}