{"id":2731,"date":"2022-10-17T11:12:52","date_gmt":"2022-10-17T09:12:52","guid":{"rendered":"https:\/\/arelia-asso.fr\/index.php\/chrs-personnes-seules\/"},"modified":"2023-05-04T17:19:57","modified_gmt":"2023-05-04T15:19:57","slug":"chrs-personnes-seules","status":"publish","type":"page","link":"https:\/\/arelia-asso.fr\/index.php\/nos-actions\/heberger\/chrs-personnes-seules\/","title":{"rendered":"CHRS Personnes seules"},"content":{"rendered":"<p>[et_pb_section fb_built=\u00a0\u00bb1&Prime; _builder_version=\u00a0\u00bb4.18.0&Prime; _module_preset=\u00a0\u00bbdefault\u00a0\u00bb custom_padding=\u00a0\u00bb||10px|||\u00a0\u00bb global_colors_info=\u00a0\u00bb{}\u00a0\u00bb][et_pb_row _builder_version=\u00a0\u00bb4.18.0&Prime; _module_preset=\u00a0\u00bbdefault\u00a0\u00bb custom_padding=\u00a0\u00bb||3px|||\u00a0\u00bb global_colors_info=\u00a0\u00bb{}\u00a0\u00bb][et_pb_column type=\u00a0\u00bb4_4&Prime; _builder_version=\u00a0\u00bb4.18.0&Prime; _module_preset=\u00a0\u00bbdefault\u00a0\u00bb global_colors_info=\u00a0\u00bb{}\u00a0\u00bb][et_pb_text _builder_version=\u00a0\u00bb4.18.0&Prime; _module_preset=\u00a0\u00bbdefault\u00a0\u00bb text_font=\u00a0\u00bb|800|||||||\u00a0\u00bb text_text_color=\u00a0\u00bb#990099&Prime; text_font_size=\u00a0\u00bb52px\u00a0\u00bb custom_margin=\u00a0\u00bb||62px|||\u00a0\u00bb global_colors_info=\u00a0\u00bb{}\u00a0\u00bb]<\/p>\n<p style=\"text-align: center;\">CHRS personnes seules<\/p>\n<p>[\/et_pb_text][\/et_pb_column][\/et_pb_row][et_pb_row _builder_version=\u00a0\u00bb4.18.0&Prime; _module_preset=\u00a0\u00bbdefault\u00a0\u00bb background_enable_color=\u00a0\u00bboff\u00a0\u00bb custom_padding=\u00a0\u00bb5px|||||\u00a0\u00bb global_colors_info=\u00a0\u00bb{}\u00a0\u00bb][et_pb_column type=\u00a0\u00bb4_4&Prime; _builder_version=\u00a0\u00bb4.18.0&Prime; _module_preset=\u00a0\u00bbdefault\u00a0\u00bb global_colors_info=\u00a0\u00bb{}\u00a0\u00bb][et_pb_text _builder_version=\u00a0\u00bb4.18.0&Prime; _module_preset=\u00a0\u00bbdefault\u00a0\u00bb custom_margin=\u00a0\u00bb||12px||false|false\u00a0\u00bb global_colors_info=\u00a0\u00bb{}\u00a0\u00bb]<\/p>\n<h1 style=\"text-align: left;\"><span style=\"color: #ff0066;\"><span style=\"color: #cc3366;\">Dispositif\u00a0: CHRS LE TAU<br \/><\/span><\/span><\/h1>\n<p>[\/et_pb_text][et_pb_toggle title=\u00a0\u00bbMissions\u00a0\u00bb open=\u00a0\u00bbon\u00a0\u00bb open_toggle_text_color=\u00a0\u00bb#FF0066&Prime; closed_toggle_text_color=\u00a0\u00bb#FF0066&Prime; closed_toggle_background_color=\u00a0\u00bbrgba(255,0,102,0.18)\u00a0\u00bb icon_color=\u00a0\u00bb#FF0066&Prime; open_icon_color=\u00a0\u00bb#CC3366&Prime; _builder_version=\u00a0\u00bb4.20.2&Prime; _module_preset=\u00a0\u00bbdefault\u00a0\u00bb border_color_all=\u00a0\u00bb#FF0066&Prime; global_colors_info=\u00a0\u00bb{}\u00a0\u00bb]<\/p>\n<p style=\"text-align: justify;\">Nos Centres d&rsquo;H\u00e9bergement et de R\u00e9insertion Sociale (CHRS) ont pour mission d&rsquo;assurer :<br \/>\u2022 l&rsquo;accueil et l\u2019orientation notamment en urgence,<br \/>\u2022 l&rsquo;h\u00e9bergement et le logement, individuel ou collectif, dans ou en dehors des murs,<br \/>\u2022 le soutien et l&rsquo;accompagnement social,<br \/>\u2022 l\u2019adaptation \u00e0 la vie active et l&rsquo;insertion sociale et professionnelle.<\/p>\n<p>[\/et_pb_toggle][et_pb_toggle title=\u00a0\u00bbPublic\u00a0\u00bb open=\u00a0\u00bbon\u00a0\u00bb open_toggle_text_color=\u00a0\u00bb#FF0066&Prime; closed_toggle_text_color=\u00a0\u00bb#FF0066&Prime; closed_toggle_background_color=\u00a0\u00bbrgba(255,0,102,0.18)\u00a0\u00bb icon_color=\u00a0\u00bb#FF0066&Prime; open_icon_color=\u00a0\u00bb#CC3366&Prime; _builder_version=\u00a0\u00bb4.20.2&Prime; _module_preset=\u00a0\u00bbdefault\u00a0\u00bb border_color_all=\u00a0\u00bb#FF0066&Prime; global_colors_info=\u00a0\u00bb{}\u00a0\u00bb]<\/p>\n<p style=\"text-align: justify;\">Personnes majeures, hommes seuls ou femmes seules, couples sans enfant en situation d\u2019exclusion ou de pr\u00e9carit\u00e9 suite \u00e0 des difficult\u00e9s d\u2019ordre social, familial ou \u00e9conomique.<\/p>\n<p>Particularit\u00e9 du Site Pierre Villard : personnes plac\u00e9es sous-main de justice.<\/p>\n<p>Particularit\u00e9 du Site Grand Sauvoy : l\u2019accueil des animaux de compagnie.<\/p>\n<p>[\/et_pb_toggle][et_pb_toggle title=\u00a0\u00bbCapacit\u00e9\u00a0\u00bb open=\u00a0\u00bbon\u00a0\u00bb open_toggle_text_color=\u00a0\u00bb#FF0066&Prime; closed_toggle_text_color=\u00a0\u00bb#FF0066&Prime; closed_toggle_background_color=\u00a0\u00bbrgba(255,0,102,0.18)\u00a0\u00bb icon_color=\u00a0\u00bb#FF0066&Prime; open_icon_color=\u00a0\u00bb#CC3366&Prime; _builder_version=\u00a0\u00bb4.20.2&Prime; _module_preset=\u00a0\u00bbdefault\u00a0\u00bb border_color_all=\u00a0\u00bb#FF0066&Prime; global_colors_info=\u00a0\u00bb{}\u00a0\u00bb]<\/p>\n<p style=\"text-align: justify;\">210 places<\/p>\n<p>Un accueil en structure collective<br \/>Trois structures collectives sont identifi\u00e9es sur la base de 95 places :<br \/>\u2022 Site Lib\u00e9ration avec 38 places<br \/>\u2022 Site Pierre Villard avec 11 places<br \/>\u2022 Site Grand Sauvoy avec 46 places<\/p>\n<p>Un accueil en diffus<br \/>\u2022 Sur la M\u00e9tropole du Grand Nancy : 105 places<br \/>\u2022 Sur le territoire Terres de Lorraine : 10 places (chambres individuelles)\u00a0<\/p>\n<p>[\/et_pb_toggle][et_pb_toggle title=\u00a0\u00bbFonctionnement\u00a0\u00bb open=\u00a0\u00bbon\u00a0\u00bb open_toggle_text_color=\u00a0\u00bb#FF0066&Prime; closed_toggle_text_color=\u00a0\u00bb#FF0066&Prime; closed_toggle_background_color=\u00a0\u00bbrgba(255,0,102,0.18)\u00a0\u00bb icon_color=\u00a0\u00bb#FF0066&Prime; open_icon_color=\u00a0\u00bb#CC3366&Prime; _builder_version=\u00a0\u00bb4.20.2&Prime; _module_preset=\u00a0\u00bbdefault\u00a0\u00bb border_color_all=\u00a0\u00bb#FF0066&Prime; global_colors_info=\u00a0\u00bb{}\u00a0\u00bb]<\/p>\n<p style=\"text-align: justify;\">Fonctionnement 365 jours par an et 24h sur 24.<br \/>Restauration collective en semaine et week-end.<br \/>Surveillance de nuit exerc\u00e9e par un prestataire externe.<\/p>\n<p>[\/et_pb_toggle][et_pb_toggle title=\u00a0\u00bbFinancement\u00a0\u00bb open=\u00a0\u00bbon\u00a0\u00bb open_toggle_text_color=\u00a0\u00bb#FF0066&Prime; closed_toggle_text_color=\u00a0\u00bb#FF0066&Prime; closed_toggle_background_color=\u00a0\u00bbrgba(255,0,102,0.18)\u00a0\u00bb icon_color=\u00a0\u00bb#FF0066&Prime; open_icon_color=\u00a0\u00bb#CC3366&Prime; _builder_version=\u00a0\u00bb4.20.2&Prime; _module_preset=\u00a0\u00bbdefault\u00a0\u00bb border_color_all=\u00a0\u00bb#FF0066&Prime; global_colors_info=\u00a0\u00bb{}\u00a0\u00bb]<\/p>\n<p style=\"text-align: justify;\">Financement CHRS par l\u2019\u00c9tat via la Direction D\u00e9partementale de l\u2019Emploi, du Travail et des Solidarit\u00e9 (DDETS).\u2028En compl\u00e9ment, participation des r\u00e9sidents aux frais d&rsquo;h\u00e9bergement. (avec ou sans restauration).<\/p>\n<p>[\/et_pb_toggle][et_pb_toggle title=\u00a0\u00bbLieu g\u00e9ographique\u00a0\u00bb open=\u00a0\u00bbon\u00a0\u00bb open_toggle_text_color=\u00a0\u00bb#FF0066&Prime; closed_toggle_text_color=\u00a0\u00bb#FF0066&Prime; closed_toggle_background_color=\u00a0\u00bbrgba(255,0,102,0.18)\u00a0\u00bb icon_color=\u00a0\u00bb#FF0066&Prime; open_icon_color=\u00a0\u00bb#CC3366&Prime; _builder_version=\u00a0\u00bb4.20.2&Prime; _module_preset=\u00a0\u00bbdefault\u00a0\u00bb border_color_all=\u00a0\u00bb#FF0066&Prime; global_colors_info=\u00a0\u00bb{}\u00a0\u00bb]<\/p>\n<p style=\"text-align: justify;\">Site Grand Sauvoy : 102 Rue des Solidarit\u00e9s &#8211; 54320\u00a0MAXEVILLE<br \/>Site Lib\u00e9ration : 269 Avenue de la Lib\u00e9ration\u00a0&#8211; 54000\u00a0NANCY<br \/>Site Pierre Villard : 36 Rue Pierre Villard\u00a0&#8211; 54000\u00a0NANCY<br \/>Site Terres de Lorraine : H\u00e9bergement diffus dit \u00ab hors les murs \u00bb &#8211; 5bis Rue du Pont des Cordeliers &#8211; 54200\u00a0TOUL<\/p>\n<p>[\/et_pb_toggle][et_pb_toggle title=\u00a0\u00bbContact\u00a0\u00bb open=\u00a0\u00bbon\u00a0\u00bb open_toggle_text_color=\u00a0\u00bb#FF0066&Prime; closed_toggle_text_color=\u00a0\u00bb#FF0066&Prime; closed_toggle_background_color=\u00a0\u00bbrgba(255,0,102,0.18)\u00a0\u00bb icon_color=\u00a0\u00bb#FF0066&Prime; open_icon_color=\u00a0\u00bb#CC3366&Prime; _builder_version=\u00a0\u00bb4.20.2&Prime; _module_preset=\u00a0\u00bbdefault\u00a0\u00bb border_color_all=\u00a0\u00bb#FF0066&Prime; global_colors_info=\u00a0\u00bb{}\u00a0\u00bb]<\/p>\n<p style=\"text-align: justify;\">Site Grand Sauvoy : 03 83 96 37 53<br \/>Site Lib\u00e9ration : 03 83 96 10 48<br \/>Site Pierre Villard : 03 83 54 83 83<br \/>Site Terres de Lorraine :\u00a003 83 63 79 01<\/p>\n<p>[\/et_pb_toggle][et_pb_testimonial portrait_url=\u00a0\u00bbhttps:\/\/arelia-asso.fr\/wp-content\/uploads\/2021\/10\/Are\u0301lia-LOGO.png\u00a0\u00bb quote_icon_color=\u00a0\u00bb#990099&Prime; quote_icon_background_color=\u00a0\u00bbRGBA(255,255,255,0)\u00a0\u00bb font_icon=\u00a0\u00bb&#xe0dd;||divi||400&Prime; portrait_width=\u00a0\u00bb150px\u00a0\u00bb portrait_height=\u00a0\u00bb150px\u00a0\u00bb _builder_version=\u00a0\u00bb4.18.0&Prime; _module_preset=\u00a0\u00bbdefault\u00a0\u00bb border_radii_portrait=\u00a0\u00bbon|0px|0px|0px|0px\u00a0\u00bb border_width_all_portrait=\u00a0\u00bb34px\u00a0\u00bb border_color_all_portrait=\u00a0\u00bbRGBA(255,255,255,0)\u00a0\u00bb border_style_all_portrait=\u00a0\u00bbnone\u00a0\u00bb border_width_top_portrait=\u00a0\u00bb25px\u00a0\u00bb border_color_top_portrait=\u00a0\u00bbRGBA(255,255,255,0)\u00a0\u00bb border_color_right_portrait=\u00a0\u00bbRGBA(255,255,255,0)\u00a0\u00bb border_color_bottom_portrait=\u00a0\u00bbRGBA(255,255,255,0)\u00a0\u00bb border_color_left_portrait=\u00a0\u00bbRGBA(255,255,255,0)\u00a0\u00bb box_shadow_style_image=\u00a0\u00bbpreset1&Prime; global_colors_info=\u00a0\u00bb{}\u00a0\u00bb]<\/p>\n<h3>QUELQUES CHIFFRES<\/h3>\n<p><strong>En 2021, 326 personnes ont \u00e9t\u00e9 accueillies sur l\u2019ensemble de nos CHRS \u00ab personnes seules \u00bb.<\/strong><\/p>\n<p>[\/et_pb_testimonial][\/et_pb_column][\/et_pb_row][et_pb_row _builder_version=\u00a0\u00bb4.18.0&Prime; _module_preset=\u00a0\u00bbdefault\u00a0\u00bb background_enable_color=\u00a0\u00bboff\u00a0\u00bb custom_padding=\u00a0\u00bb5px|||||\u00a0\u00bb global_colors_info=\u00a0\u00bb{}\u00a0\u00bb][et_pb_column type=\u00a0\u00bb4_4&Prime; _builder_version=\u00a0\u00bb4.18.0&Prime; _module_preset=\u00a0\u00bbdefault\u00a0\u00bb global_colors_info=\u00a0\u00bb{}\u00a0\u00bb][et_pb_divider _builder_version=\u00a0\u00bb4.21.0&Prime; _module_preset=\u00a0\u00bbdefault\u00a0\u00bb divider_weight=\u00a0\u00bb4px\u00a0\u00bb hover_enabled=\u00a0\u00bb0&Prime; sticky_enabled=\u00a0\u00bb0&Prime;][\/et_pb_divider][et_pb_text _builder_version=\u00a0\u00bb4.18.0&Prime; _module_preset=\u00a0\u00bbdefault\u00a0\u00bb custom_margin=\u00a0\u00bb||12px||false|false\u00a0\u00bb global_colors_info=\u00a0\u00bb{}\u00a0\u00bb]<\/p>\n<h1 style=\"text-align: left;\"><span style=\"color: #ff0066;\"><span style=\"color: #cc3366;\">Dispositif\u00a0: STABILISATION<br \/><\/span><\/span><\/h1>\n<p>[\/et_pb_text][et_pb_toggle title=\u00a0\u00bbMissions\u00a0\u00bb open=\u00a0\u00bbon\u00a0\u00bb open_toggle_text_color=\u00a0\u00bb#FF0066&Prime; closed_toggle_text_color=\u00a0\u00bb#FF0066&Prime; closed_toggle_background_color=\u00a0\u00bbrgba(255,0,102,0.18)\u00a0\u00bb icon_color=\u00a0\u00bb#FF0066&Prime; open_icon_color=\u00a0\u00bb#CC3366&Prime; _builder_version=\u00a0\u00bb4.20.2&Prime; _module_preset=\u00a0\u00bbdefault\u00a0\u00bb border_color_all=\u00a0\u00bb#FF0066&Prime; global_colors_info=\u00a0\u00bb{}\u00a0\u00bb]<\/p>\n<p style=\"text-align: justify;\">La stabilisation est un dispositif d\u2019h\u00e9bergement destin\u00e9 \u00e0 accueillir toute personne majeure sans enfant en rupture avec les structures classiques. L\u2019objectif est de leur proposer un accompagnement social devant permettre de favoriser leur orientation vers des structures adapt\u00e9es \u00e0 leur situation<\/p>\n<p>[\/et_pb_toggle][et_pb_toggle title=\u00a0\u00bbPublic\u00a0\u00bb open=\u00a0\u00bbon\u00a0\u00bb open_toggle_text_color=\u00a0\u00bb#FF0066&Prime; closed_toggle_text_color=\u00a0\u00bb#FF0066&Prime; closed_toggle_background_color=\u00a0\u00bbrgba(255,0,102,0.18)\u00a0\u00bb icon_color=\u00a0\u00bb#FF0066&Prime; open_icon_color=\u00a0\u00bb#CC3366&Prime; _builder_version=\u00a0\u00bb4.20.2&Prime; _module_preset=\u00a0\u00bbdefault\u00a0\u00bb border_color_all=\u00a0\u00bb#FF0066&Prime; global_colors_info=\u00a0\u00bb{}\u00a0\u00bb]<\/p>\n<p>Personnes seules<\/p>\n<p>[\/et_pb_toggle][et_pb_toggle title=\u00a0\u00bbCapacit\u00e9\u00a0\u00bb open=\u00a0\u00bbon\u00a0\u00bb open_toggle_text_color=\u00a0\u00bb#FF0066&Prime; closed_toggle_text_color=\u00a0\u00bb#FF0066&Prime; closed_toggle_background_color=\u00a0\u00bbrgba(255,0,102,0.18)\u00a0\u00bb icon_color=\u00a0\u00bb#FF0066&Prime; open_icon_color=\u00a0\u00bb#CC3366&Prime; _builder_version=\u00a0\u00bb4.20.2&Prime; _module_preset=\u00a0\u00bbdefault\u00a0\u00bb border_color_all=\u00a0\u00bb#FF0066&Prime; global_colors_info=\u00a0\u00bb{}\u00a0\u00bb]<\/p>\n<p>20 studios<\/p>\n<p>[\/et_pb_toggle][et_pb_toggle title=\u00a0\u00bbFonctionnement\u00a0\u00bb open=\u00a0\u00bbon\u00a0\u00bb open_toggle_text_color=\u00a0\u00bb#FF0066&Prime; closed_toggle_text_color=\u00a0\u00bb#FF0066&Prime; closed_toggle_background_color=\u00a0\u00bbrgba(255,0,102,0.18)\u00a0\u00bb icon_color=\u00a0\u00bb#FF0066&Prime; open_icon_color=\u00a0\u00bb#CC3366&Prime; _builder_version=\u00a0\u00bb4.20.2&Prime; _module_preset=\u00a0\u00bbdefault\u00a0\u00bb border_color_all=\u00a0\u00bb#FF0066&Prime; global_colors_info=\u00a0\u00bb{}\u00a0\u00bb]<\/p>\n<p style=\"text-align: justify;\">Fonctionnement 365 jours par an et 24h sur 24.<br \/>Restauration : collective en semaine, assur\u00e9e par les r\u00e9sidents le week-end sur le site Leclerc et appartements \u00e9quip\u00e9s de cuisine sur les places hors les murs.<br \/>Surveillance de nuit exerc\u00e9e par un prestataire externe.<\/p>\n<p>[\/et_pb_toggle][et_pb_toggle title=\u00a0\u00bbFinancement\u00a0\u00bb open=\u00a0\u00bbon\u00a0\u00bb open_toggle_text_color=\u00a0\u00bb#FF0066&Prime; closed_toggle_text_color=\u00a0\u00bb#FF0066&Prime; closed_toggle_background_color=\u00a0\u00bbrgba(255,0,102,0.18)\u00a0\u00bb icon_color=\u00a0\u00bb#FF0066&Prime; open_icon_color=\u00a0\u00bb#CC3366&Prime; _builder_version=\u00a0\u00bb4.20.2&Prime; _module_preset=\u00a0\u00bbdefault\u00a0\u00bb border_color_all=\u00a0\u00bb#FF0066&Prime; global_colors_info=\u00a0\u00bb{}\u00a0\u00bb]<\/p>\n<p style=\"text-align: justify;\">Etat\u00a0: DDETS<\/p>\n<p>[\/et_pb_toggle][et_pb_toggle title=\u00a0\u00bbLieu g\u00e9ographique\u00a0\u00bb open=\u00a0\u00bbon\u00a0\u00bb open_toggle_text_color=\u00a0\u00bb#FF0066&Prime; closed_toggle_text_color=\u00a0\u00bb#FF0066&Prime; closed_toggle_background_color=\u00a0\u00bbrgba(255,0,102,0.18)\u00a0\u00bb icon_color=\u00a0\u00bb#FF0066&Prime; open_icon_color=\u00a0\u00bb#CC3366&Prime; _builder_version=\u00a0\u00bb4.20.2&Prime; _module_preset=\u00a0\u00bbdefault\u00a0\u00bb border_color_all=\u00a0\u00bb#FF0066&Prime; global_colors_info=\u00a0\u00bb{}\u00a0\u00bb]<\/p>\n<p style=\"text-align: justify;\">\u00a0Site Sauvoy \u2013 102 Rue des Solidarit\u00e9s \u2013 54320 MAXEVILLE<\/p>\n<p>[\/et_pb_toggle][et_pb_toggle title=\u00a0\u00bbContact\u00a0\u00bb open=\u00a0\u00bbon\u00a0\u00bb open_toggle_text_color=\u00a0\u00bb#FF0066&Prime; closed_toggle_text_color=\u00a0\u00bb#FF0066&Prime; closed_toggle_background_color=\u00a0\u00bbrgba(255,0,102,0.18)\u00a0\u00bb icon_color=\u00a0\u00bb#FF0066&Prime; open_icon_color=\u00a0\u00bb#CC3366&Prime; _builder_version=\u00a0\u00bb4.20.2&Prime; _module_preset=\u00a0\u00bbdefault\u00a0\u00bb border_color_all=\u00a0\u00bb#FF0066&Prime; global_colors_info=\u00a0\u00bb{}\u00a0\u00bb]<\/p>\n<p style=\"text-align: justify;\">Site Sauvoy\u00a0: 03 83 96 37 53<\/p>\n<p>[\/et_pb_toggle][et_pb_testimonial portrait_url=\u00a0\u00bbhttps:\/\/arelia-asso.fr\/wp-content\/uploads\/2021\/10\/Are\u0301lia-LOGO.png\u00a0\u00bb quote_icon_color=\u00a0\u00bb#990099&Prime; quote_icon_background_color=\u00a0\u00bbRGBA(255,255,255,0)\u00a0\u00bb font_icon=\u00a0\u00bb&#xe0dd;||divi||400&Prime; portrait_width=\u00a0\u00bb150px\u00a0\u00bb portrait_height=\u00a0\u00bb150px\u00a0\u00bb _builder_version=\u00a0\u00bb4.18.0&Prime; _module_preset=\u00a0\u00bbdefault\u00a0\u00bb border_radii_portrait=\u00a0\u00bbon|0px|0px|0px|0px\u00a0\u00bb border_width_all_portrait=\u00a0\u00bb34px\u00a0\u00bb border_color_all_portrait=\u00a0\u00bbRGBA(255,255,255,0)\u00a0\u00bb border_style_all_portrait=\u00a0\u00bbnone\u00a0\u00bb border_width_top_portrait=\u00a0\u00bb25px\u00a0\u00bb border_color_top_portrait=\u00a0\u00bbRGBA(255,255,255,0)\u00a0\u00bb border_color_right_portrait=\u00a0\u00bbRGBA(255,255,255,0)\u00a0\u00bb border_color_bottom_portrait=\u00a0\u00bbRGBA(255,255,255,0)\u00a0\u00bb border_color_left_portrait=\u00a0\u00bbRGBA(255,255,255,0)\u00a0\u00bb box_shadow_style_image=\u00a0\u00bbpreset1&Prime; global_colors_info=\u00a0\u00bb{}\u00a0\u00bb]<\/p>\n<h3>QUELQUES CHIFFRES<\/h3>\n<p><strong>En 2021, 51 personnes ont \u00e9t\u00e9 accueillies sur le dispositif<\/strong><\/p>\n<p>[\/et_pb_testimonial][\/et_pb_column][\/et_pb_row][\/et_pb_section]<\/p>\n","protected":false},"excerpt":{"rendered":"<p>CHRS personnes seulesDispositif\u00a0: CHRS LE TAUNos Centres d&rsquo;H\u00e9bergement et de R\u00e9insertion Sociale (CHRS) ont pour mission d&rsquo;assurer :\u2022 l&rsquo;accueil et l\u2019orientation notamment en urgence,\u2022 l&rsquo;h\u00e9bergement et le logement, individuel ou collectif, dans ou en dehors des murs,\u2022 le soutien et l&rsquo;accompagnement social,\u2022 l\u2019adaptation \u00e0 la vie active et l&rsquo;insertion sociale et professionnelle.Personnes majeures, hommes seuls [&hellip;]<\/p>\n","protected":false},"author":1,"featured_media":0,"parent":2649,"menu_order":0,"comment_status":"closed","ping_status":"closed","template":"","meta":{"_et_pb_use_builder":"on","_et_pb_old_content":"","_et_gb_content_width":"","footnotes":""},"class_list":["post-2731","page","type-page","status-publish","hentry"],"_links":{"self":[{"href":"https:\/\/arelia-asso.fr\/index.php\/wp-json\/wp\/v2\/pages\/2731","targetHints":{"allow":["GET"]}}],"collection":[{"href":"https:\/\/arelia-asso.fr\/index.php\/wp-json\/wp\/v2\/pages"}],"about":[{"href":"https:\/\/arelia-asso.fr\/index.php\/wp-json\/wp\/v2\/types\/page"}],"author":[{"embeddable":true,"href":"https:\/\/arelia-asso.fr\/index.php\/wp-json\/wp\/v2\/users\/1"}],"replies":[{"embeddable":true,"href":"https:\/\/arelia-asso.fr\/index.php\/wp-json\/wp\/v2\/comments?post=2731"}],"version-history":[{"count":13,"href":"https:\/\/arelia-asso.fr\/index.php\/wp-json\/wp\/v2\/pages\/2731\/revisions"}],"predecessor-version":[{"id":2997,"href":"https:\/\/arelia-asso.fr\/index.php\/wp-json\/wp\/v2\/pages\/2731\/revisions\/2997"}],"up":[{"embeddable":true,"href":"https:\/\/arelia-asso.fr\/index.php\/wp-json\/wp\/v2\/pages\/2649"}],"wp:attachment":[{"href":"https:\/\/arelia-asso.fr\/index.php\/wp-json\/wp\/v2\/media?parent=2731"}],"curies":[{"name":"wp","href":"https:\/\/api.w.org\/{rel}","templated":true}]}}