{"id":2733,"date":"2022-10-17T11:12:52","date_gmt":"2022-10-17T09:12:52","guid":{"rendered":"https:\/\/arelia-asso.fr\/index.php\/urgences\/"},"modified":"2023-05-04T17:16:31","modified_gmt":"2023-05-04T15:16:31","slug":"urgences","status":"publish","type":"page","link":"https:\/\/arelia-asso.fr\/index.php\/nos-actions\/heberger\/urgences\/","title":{"rendered":"Urgences"},"content":{"rendered":"<p>[et_pb_section fb_built=\u00a0\u00bb1&Prime; _builder_version=\u00a0\u00bb4.18.0&Prime; _module_preset=\u00a0\u00bbdefault\u00a0\u00bb custom_padding=\u00a0\u00bb||10px|||\u00a0\u00bb global_colors_info=\u00a0\u00bb{}\u00a0\u00bb][et_pb_row _builder_version=\u00a0\u00bb4.18.0&Prime; _module_preset=\u00a0\u00bbdefault\u00a0\u00bb custom_padding=\u00a0\u00bb||3px|||\u00a0\u00bb global_colors_info=\u00a0\u00bb{}\u00a0\u00bb][et_pb_column type=\u00a0\u00bb4_4&Prime; _builder_version=\u00a0\u00bb4.18.0&Prime; _module_preset=\u00a0\u00bbdefault\u00a0\u00bb global_colors_info=\u00a0\u00bb{}\u00a0\u00bb][et_pb_text _builder_version=\u00a0\u00bb4.18.0&Prime; _module_preset=\u00a0\u00bbdefault\u00a0\u00bb text_font=\u00a0\u00bb|800|||||||\u00a0\u00bb text_text_color=\u00a0\u00bb#990099&Prime; text_font_size=\u00a0\u00bb52px\u00a0\u00bb custom_margin=\u00a0\u00bb||62px|||\u00a0\u00bb global_colors_info=\u00a0\u00bb{}\u00a0\u00bb]<\/p>\n<p style=\"text-align: center;\">Urgences<\/p>\n<p>[\/et_pb_text][\/et_pb_column][\/et_pb_row][et_pb_row _builder_version=\u00a0\u00bb4.18.0&Prime; _module_preset=\u00a0\u00bbdefault\u00a0\u00bb background_enable_color=\u00a0\u00bboff\u00a0\u00bb custom_padding=\u00a0\u00bb5px|||||\u00a0\u00bb global_colors_info=\u00a0\u00bb{}\u00a0\u00bb theme_builder_area=\u00a0\u00bbpost_content\u00a0\u00bb][et_pb_column type=\u00a0\u00bb4_4&Prime; _builder_version=\u00a0\u00bb4.18.0&Prime; _module_preset=\u00a0\u00bbdefault\u00a0\u00bb global_colors_info=\u00a0\u00bb{}\u00a0\u00bb theme_builder_area=\u00a0\u00bbpost_content\u00a0\u00bb][et_pb_text _builder_version=\u00a0\u00bb4.18.0&Prime; _module_preset=\u00a0\u00bbdefault\u00a0\u00bb custom_margin=\u00a0\u00bb||12px||false|false\u00a0\u00bb global_colors_info=\u00a0\u00bb{}\u00a0\u00bb theme_builder_area=\u00a0\u00bbpost_content\u00a0\u00bb]<\/p>\n<h1 style=\"text-align: left;\"><span style=\"color: #ff0066;\"><span style=\"color: #cc3366;\">Dispositif\u00a0: DHUSS<br \/><\/span><\/span><\/h1>\n<p>[\/et_pb_text][et_pb_toggle title=\u00a0\u00bbMissions\u00a0\u00bb open=\u00a0\u00bbon\u00a0\u00bb open_toggle_text_color=\u00a0\u00bb#FF0066&Prime; closed_toggle_text_color=\u00a0\u00bb#FF0066&Prime; closed_toggle_background_color=\u00a0\u00bbrgba(255,0,102,0.18)\u00a0\u00bb icon_color=\u00a0\u00bb#FF0066&Prime; open_icon_color=\u00a0\u00bb#CC3366&Prime; _builder_version=\u00a0\u00bb4.20.2&Prime; _module_preset=\u00a0\u00bbdefault\u00a0\u00bb border_color_all=\u00a0\u00bb#FF0066&Prime; global_colors_info=\u00a0\u00bb{}\u00a0\u00bb theme_builder_area=\u00a0\u00bbpost_content\u00a0\u00bb]<\/p>\n<p style=\"text-align: justify;\">Le DHUSS est un dispositif d\u2019h\u00e9bergement d\u2019urgence de 16 places destin\u00e9 \u00e0 accueillir toute personne majeure sans enfant dont la situation n\u00e9cessite une mise \u00e0 l\u2019abri et un accompagnement adapt\u00e9 au cas par cas. <\/p>\n<p>[\/et_pb_toggle][et_pb_toggle title=\u00a0\u00bbPublic\u00a0\u00bb open=\u00a0\u00bbon\u00a0\u00bb open_toggle_text_color=\u00a0\u00bb#FF0066&Prime; closed_toggle_text_color=\u00a0\u00bb#FF0066&Prime; closed_toggle_background_color=\u00a0\u00bbrgba(255,0,102,0.18)\u00a0\u00bb icon_color=\u00a0\u00bb#FF0066&Prime; open_icon_color=\u00a0\u00bb#CC3366&Prime; _builder_version=\u00a0\u00bb4.20.2&Prime; _module_preset=\u00a0\u00bbdefault\u00a0\u00bb border_color_all=\u00a0\u00bb#FF0066&Prime; global_colors_info=\u00a0\u00bb{}\u00a0\u00bb theme_builder_area=\u00a0\u00bbpost_content\u00a0\u00bb]<\/p>\n<p style=\"text-align: justify;\">Personne majeure sans enfant<\/p>\n<p>[\/et_pb_toggle][et_pb_toggle title=\u00a0\u00bbCapacit\u00e9\u00a0\u00bb open=\u00a0\u00bbon\u00a0\u00bb open_toggle_text_color=\u00a0\u00bb#FF0066&Prime; closed_toggle_text_color=\u00a0\u00bb#FF0066&Prime; closed_toggle_background_color=\u00a0\u00bbrgba(255,0,102,0.18)\u00a0\u00bb icon_color=\u00a0\u00bb#FF0066&Prime; open_icon_color=\u00a0\u00bb#CC3366&Prime; _builder_version=\u00a0\u00bb4.20.2&Prime; _module_preset=\u00a0\u00bbdefault\u00a0\u00bb border_color_all=\u00a0\u00bb#FF0066&Prime; global_colors_info=\u00a0\u00bb{}\u00a0\u00bb theme_builder_area=\u00a0\u00bbpost_content\u00a0\u00bb]<\/p>\n<p style=\"text-align: justify;\">16 places<\/p>\n<p>[\/et_pb_toggle][et_pb_toggle title=\u00a0\u00bbFonctionnement\u00a0\u00bb open=\u00a0\u00bbon\u00a0\u00bb open_toggle_text_color=\u00a0\u00bb#FF0066&Prime; closed_toggle_text_color=\u00a0\u00bb#FF0066&Prime; closed_toggle_background_color=\u00a0\u00bbrgba(255,0,102,0.18)\u00a0\u00bb icon_color=\u00a0\u00bb#FF0066&Prime; open_icon_color=\u00a0\u00bb#CC3366&Prime; _builder_version=\u00a0\u00bb4.20.2&Prime; _module_preset=\u00a0\u00bbdefault\u00a0\u00bb border_color_all=\u00a0\u00bb#FF0066&Prime; global_colors_info=\u00a0\u00bb{}\u00a0\u00bb theme_builder_area=\u00a0\u00bbpost_content\u00a0\u00bb]<\/p>\n<p style=\"text-align: justify;\">Fonctionnement 365 jours par an et 24h sur 24.<br \/>Restauration : collective en semaine, assur\u00e9e par les r\u00e9sidents le week-end sur le site Leclerc et appartements \u00e9quip\u00e9s de cuisine sur les places hors les murs.<br \/>Surveillance de nuit exerc\u00e9e par un prestataire externe.<\/p>\n<p>[\/et_pb_toggle][et_pb_toggle title=\u00a0\u00bbFinancement\u00a0\u00bb open=\u00a0\u00bbon\u00a0\u00bb open_toggle_text_color=\u00a0\u00bb#FF0066&Prime; closed_toggle_text_color=\u00a0\u00bb#FF0066&Prime; closed_toggle_background_color=\u00a0\u00bbrgba(255,0,102,0.18)\u00a0\u00bb icon_color=\u00a0\u00bb#FF0066&Prime; open_icon_color=\u00a0\u00bb#CC3366&Prime; _builder_version=\u00a0\u00bb4.20.2&Prime; _module_preset=\u00a0\u00bbdefault\u00a0\u00bb border_color_all=\u00a0\u00bb#FF0066&Prime; global_colors_info=\u00a0\u00bb{}\u00a0\u00bb theme_builder_area=\u00a0\u00bbpost_content\u00a0\u00bb]<\/p>\n<p style=\"text-align: justify;\">Etat\u00a0: DDETS<\/p>\n<p>[\/et_pb_toggle][et_pb_toggle title=\u00a0\u00bbLieu g\u00e9ographique\u00a0\u00bb open=\u00a0\u00bbon\u00a0\u00bb open_toggle_text_color=\u00a0\u00bb#FF0066&Prime; closed_toggle_text_color=\u00a0\u00bb#FF0066&Prime; closed_toggle_background_color=\u00a0\u00bbrgba(255,0,102,0.18)\u00a0\u00bb icon_color=\u00a0\u00bb#FF0066&Prime; open_icon_color=\u00a0\u00bb#CC3366&Prime; _builder_version=\u00a0\u00bb4.20.2&Prime; _module_preset=\u00a0\u00bbdefault\u00a0\u00bb border_color_all=\u00a0\u00bb#FF0066&Prime; global_colors_info=\u00a0\u00bb{}\u00a0\u00bb theme_builder_area=\u00a0\u00bbpost_content\u00a0\u00bb]<\/p>\n<p style=\"text-align: justify;\">Site Sauvoy \u2013 102 Rue des Solidarit\u00e9s \u2013 54320 MAXEVILLE<\/p>\n<p>[\/et_pb_toggle][et_pb_toggle title=\u00a0\u00bbContact\u00a0\u00bb open=\u00a0\u00bbon\u00a0\u00bb open_toggle_text_color=\u00a0\u00bb#FF0066&Prime; closed_toggle_text_color=\u00a0\u00bb#FF0066&Prime; closed_toggle_background_color=\u00a0\u00bbrgba(255,0,102,0.18)\u00a0\u00bb icon_color=\u00a0\u00bb#FF0066&Prime; open_icon_color=\u00a0\u00bb#CC3366&Prime; _builder_version=\u00a0\u00bb4.20.2&Prime; _module_preset=\u00a0\u00bbdefault\u00a0\u00bb border_color_all=\u00a0\u00bb#FF0066&Prime; global_colors_info=\u00a0\u00bb{}\u00a0\u00bb theme_builder_area=\u00a0\u00bbpost_content\u00a0\u00bb]<\/p>\n<p style=\"text-align: justify;\">Site Sauvoy\u00a0: 03 83 96 37 53<\/p>\n<p>[\/et_pb_toggle][et_pb_testimonial portrait_url=\u00a0\u00bbhttps:\/\/arelia-asso.fr\/wp-content\/uploads\/2021\/10\/Are\u0301lia-LOGO.png\u00a0\u00bb quote_icon_color=\u00a0\u00bb#990099&Prime; quote_icon_background_color=\u00a0\u00bbRGBA(255,255,255,0)\u00a0\u00bb font_icon=\u00a0\u00bb&#xe0dd;||divi||400&Prime; portrait_width=\u00a0\u00bb150px\u00a0\u00bb portrait_height=\u00a0\u00bb150px\u00a0\u00bb _builder_version=\u00a0\u00bb4.18.0&Prime; _module_preset=\u00a0\u00bbdefault\u00a0\u00bb border_radii_portrait=\u00a0\u00bbon|0px|0px|0px|0px\u00a0\u00bb border_width_all_portrait=\u00a0\u00bb34px\u00a0\u00bb border_color_all_portrait=\u00a0\u00bbRGBA(255,255,255,0)\u00a0\u00bb border_style_all_portrait=\u00a0\u00bbnone\u00a0\u00bb border_width_top_portrait=\u00a0\u00bb25px\u00a0\u00bb border_color_top_portrait=\u00a0\u00bbRGBA(255,255,255,0)\u00a0\u00bb border_color_right_portrait=\u00a0\u00bbRGBA(255,255,255,0)\u00a0\u00bb border_color_bottom_portrait=\u00a0\u00bbRGBA(255,255,255,0)\u00a0\u00bb border_color_left_portrait=\u00a0\u00bbRGBA(255,255,255,0)\u00a0\u00bb box_shadow_style_image=\u00a0\u00bbpreset1&Prime; global_colors_info=\u00a0\u00bb{}\u00a0\u00bb theme_builder_area=\u00a0\u00bbpost_content\u00a0\u00bb]<\/p>\n<h3>QUELQUES CHIFFRES<\/h3>\n<p><strong>\u2022 En 2021, 51 personnes ont \u00e9t\u00e9 accueillies sur le dispositif<\/strong><\/p>\n<p>[\/et_pb_testimonial][\/et_pb_column][\/et_pb_row][\/et_pb_section]<\/p>\n","protected":false},"excerpt":{"rendered":"<p>UrgencesDispositif\u00a0: DHUSSLe DHUSS est un dispositif d\u2019h\u00e9bergement d\u2019urgence de 16 places destin\u00e9 \u00e0 accueillir toute personne majeure sans enfant dont la situation n\u00e9cessite une mise \u00e0 l\u2019abri et un accompagnement adapt\u00e9 au cas par cas. Personne majeure sans enfant16 placesFonctionnement 365 jours par an et 24h sur 24.Restauration : collective en semaine, assur\u00e9e par les [&hellip;]<\/p>\n","protected":false},"author":1,"featured_media":0,"parent":2649,"menu_order":0,"comment_status":"closed","ping_status":"closed","template":"","meta":{"_et_pb_use_builder":"on","_et_pb_old_content":"","_et_gb_content_width":"","footnotes":""},"class_list":["post-2733","page","type-page","status-publish","hentry"],"_links":{"self":[{"href":"https:\/\/arelia-asso.fr\/index.php\/wp-json\/wp\/v2\/pages\/2733","targetHints":{"allow":["GET"]}}],"collection":[{"href":"https:\/\/arelia-asso.fr\/index.php\/wp-json\/wp\/v2\/pages"}],"about":[{"href":"https:\/\/arelia-asso.fr\/index.php\/wp-json\/wp\/v2\/types\/page"}],"author":[{"embeddable":true,"href":"https:\/\/arelia-asso.fr\/index.php\/wp-json\/wp\/v2\/users\/1"}],"replies":[{"embeddable":true,"href":"https:\/\/arelia-asso.fr\/index.php\/wp-json\/wp\/v2\/comments?post=2733"}],"version-history":[{"count":10,"href":"https:\/\/arelia-asso.fr\/index.php\/wp-json\/wp\/v2\/pages\/2733\/revisions"}],"predecessor-version":[{"id":2995,"href":"https:\/\/arelia-asso.fr\/index.php\/wp-json\/wp\/v2\/pages\/2733\/revisions\/2995"}],"up":[{"embeddable":true,"href":"https:\/\/arelia-asso.fr\/index.php\/wp-json\/wp\/v2\/pages\/2649"}],"wp:attachment":[{"href":"https:\/\/arelia-asso.fr\/index.php\/wp-json\/wp\/v2\/media?parent=2733"}],"curies":[{"name":"wp","href":"https:\/\/api.w.org\/{rel}","templated":true}]}}