{"id":2899,"date":"2022-10-18T14:31:31","date_gmt":"2022-10-18T12:31:31","guid":{"rendered":"https:\/\/arelia-asso.fr\/?page_id=2899"},"modified":"2025-02-06T16:26:34","modified_gmt":"2025-02-06T15:26:34","slug":"inserer","status":"publish","type":"page","link":"https:\/\/arelia-asso.fr\/index.php\/nos-actions\/inserer\/","title":{"rendered":"Ins\u00e9rer"},"content":{"rendered":"<p>[et_pb_section fb_built=\u00a0\u00bb1&Prime; _builder_version=\u00a0\u00bb4.18.0&Prime; _module_preset=\u00a0\u00bbdefault\u00a0\u00bb custom_padding=\u00a0\u00bb||10px|||\u00a0\u00bb global_colors_info=\u00a0\u00bb{}\u00a0\u00bb][et_pb_row _builder_version=\u00a0\u00bb4.18.0&Prime; _module_preset=\u00a0\u00bbdefault\u00a0\u00bb global_colors_info=\u00a0\u00bb{}\u00a0\u00bb][et_pb_column type=\u00a0\u00bb4_4&Prime; _builder_version=\u00a0\u00bb4.18.0&Prime; _module_preset=\u00a0\u00bbdefault\u00a0\u00bb global_colors_info=\u00a0\u00bb{}\u00a0\u00bb][et_pb_text _builder_version=\u00a0\u00bb4.27.0&Prime; _module_preset=\u00a0\u00bbdefault\u00a0\u00bb text_font=\u00a0\u00bb|800||on|||||\u00a0\u00bb text_text_color=\u00a0\u00bb#FF0066&Prime; text_font_size=\u00a0\u00bb64px\u00a0\u00bb custom_margin=\u00a0\u00bb||56px||false|false\u00a0\u00bb global_colors_info=\u00a0\u00bb{}\u00a0\u00bb]<\/p>\n<p style=\"text-align: center;\">Ins\u00e9rer par le travail<\/p>\n<p>[\/et_pb_text][et_pb_image src=\u00a0\u00bbhttps:\/\/arelia-asso.fr\/wp-content\/uploads\/2024\/11\/INSERTION-TRAVAIL_984614212-1.jpeg\u00a0\u00bb title_text=\u00a0\u00bbMan planting flowers along roadside, surrounded by gardening tools and workers.\u00a0\u00bb _builder_version=\u00a0\u00bb4.27.3&Prime; _module_preset=\u00a0\u00bbdefault\u00a0\u00bb global_colors_info=\u00a0\u00bb{}\u00a0\u00bb][\/et_pb_image][et_pb_text _builder_version=\u00a0\u00bb4.27.0&Prime; _module_preset=\u00a0\u00bbdefault\u00a0\u00bb global_colors_info=\u00a0\u00bb{}\u00a0\u00bb]<\/p>\n<h2>ADAPTATION A LA VIE ACTIVE<\/h2>\n<p>[\/et_pb_text][et_pb_toggle title=\u00a0\u00bbAVA\u00a0\u00bb open_toggle_text_color=\u00a0\u00bb#FF0066&Prime; open_toggle_background_color=\u00a0\u00bb#FFFFFF\u00a0\u00bb _builder_version=\u00a0\u00bb4.27.4&Prime; _module_preset=\u00a0\u00bbdefault\u00a0\u00bb title_text_color=\u00a0\u00bb#FFFFFF\u00a0\u00bb background_color=\u00a0\u00bb#FF0066&Prime; border_width_all=\u00a0\u00bb0px\u00a0\u00bb border_color_all=\u00a0\u00bb#FFFFFF\u00a0\u00bb global_colors_info=\u00a0\u00bb{}\u00a0\u00bb]<\/p>\n<p><strong>Mission :<br \/><\/strong>Le dispositif AVA offre une toute premi\u00e8re mobilisation vers l\u2019emploi avec pour objectif de favoriser l\u2019apprentissage ou le r\u00e9apprentissage des r\u00e8gles n\u00e9cessaires \u00e0 la reprise d\u2019une activit\u00e9\u00a0professionnelle :<br \/>\u2022 Retrouver un rythme de travail,<br \/>\u2022 Respecter les horaires de travail,<br \/>\u2022 S\u2019int\u00e9grer dans une \u00e9quipe,<br \/>\u2022 Lever les freins et les probl\u00e9matiques sociales,<br \/>\u2022 \u00c9laborer un projet de vie.<\/p>\n<p>Ce dispositif propose aux personnes deux statuts\u00a0:<\/p>\n<p>\u2022 Sous statut \u00ab\u00a0P\u00e9cule\u00a0\u00bb, statut relevant du code de l\u2019action sociale et familiale et permettant une toute premi\u00e8re mobilisation vers une activit\u00e9 professionnelle pour les personnes les plus vuln\u00e9rables, sur prescription d&rsquo;un travailleur social.<\/p>\n<p>\u2022 Sous statut \u00ab\u00a0CDDI\u00a0\u00bb \u00e0 temps-partiel, relevant du code du travail.<\/p>\n<p><strong>Public :<br \/>&#8211; <\/strong>Personnes qui ne sont pas en mesure d&rsquo;effectuer un travail r\u00e9gulier en raison d&rsquo;un cumul de difficult\u00e9s, notamment sociales, professionnelles ou li\u00e9es \u00e0 leur \u00e9tat de sant\u00e9<br \/>&#8211; Tr\u00e8s \u00e9loign\u00e9es de l\u2019emploi en raison de leur situation sociale souvent complexe qui induit un acc\u00e8s difficile, voire l\u00e9galement impossible, au march\u00e9 du travail.<\/p>\n<p><strong>Capacit\u00e9 :<\/strong> 138 places<\/p>\n<p><strong>Lieu g\u00e9ographique :<\/strong> M\u00e9tropole du Grand Nancy<\/p>\n<p><strong>Supports d&rsquo;activit\u00e9 :<\/strong><br \/>&#8211; B\u00e2timent<br \/>&#8211; Restauration collective<br \/>&#8211; Propret\u00e9<br \/>&#8211; Blanchisserie<br \/>&#8211; Administratif<\/p>\n<p><strong>Pour b\u00e9n\u00e9ficier d\u2019un CDD-I, PASS IAE d\u2019une dur\u00e9e de 24 mois pendant laquelle le CDD-I peut \u00eatre renouvel\u00e9. Premier CDD-I de 4 mois renouvelable dans la limite de 24 mois.<\/strong><\/p>\n<hr \/>\n<h4 style=\"text-align: center;\"><strong><\/strong><\/h4>\n<h4 style=\"text-align: center;\"><strong>Vous souhaitez obtenir un CDDI ?<\/strong><\/h4>\n<p style=\"text-align: center;\">Rapprochez-vous de votre conseiller France Travail, Mission Locale ou travailleur social\u2026<br \/>afin qu\u2019il vous positionne sur l\u2019une de nos offres d\u2019emploi sur la plateforme inclusion \u00e0 l\u2019adresse suivante\u00a0:<\/p>\n<p style=\"text-align: center;\"><strong>\u00ab\u00a0Les Emplois de l\u2019inclusion\u00a0\u00bb : <a href=\"https:\/\/emplois.inclusion.beta.gouv.fr\/company\/4459\/card?back_url=\/search\/employers\/results%3Fcompany%3D4459%26city%3Dnancy-54%26distance%3D25\">Nancy (54) &#8211; ACI ARELIA<\/a><\/strong><\/p>\n<hr \/>\n<p>[\/et_pb_toggle][\/et_pb_column][\/et_pb_row][et_pb_row _builder_version=\u00a0\u00bb4.18.0&Prime; _module_preset=\u00a0\u00bbdefault\u00a0\u00bb global_colors_info=\u00a0\u00bb{}\u00a0\u00bb][et_pb_column type=\u00a0\u00bb4_4&Prime; _builder_version=\u00a0\u00bb4.18.0&Prime; _module_preset=\u00a0\u00bbdefault\u00a0\u00bb global_colors_info=\u00a0\u00bb{}\u00a0\u00bb][et_pb_text _builder_version=\u00a0\u00bb4.27.0&Prime; _module_preset=\u00a0\u00bbdefault\u00a0\u00bb global_colors_info=\u00a0\u00bb{}\u00a0\u00bb]<\/p>\n<h2>Chantiers d&rsquo;Insertion<\/h2>\n<p>[\/et_pb_text][et_pb_toggle title=\u00a0\u00bbMission\u00a0\u00bb open_toggle_text_color=\u00a0\u00bb#FF0066&Prime; open_toggle_background_color=\u00a0\u00bb#FFFFFF\u00a0\u00bb _builder_version=\u00a0\u00bb4.27.0&Prime; _module_preset=\u00a0\u00bbdefault\u00a0\u00bb title_text_color=\u00a0\u00bb#FFFFFF\u00a0\u00bb background_color=\u00a0\u00bb#FF0066&Prime; border_width_all=\u00a0\u00bb0px\u00a0\u00bb border_color_all=\u00a0\u00bb#FFFFFF\u00a0\u00bb global_colors_info=\u00a0\u00bb{}\u00a0\u00bb]<\/p>\n<p>L&rsquo;insertion par l&rsquo;activit\u00e9 \u00e9conomique, relevant du secteur non marchand, a pour objet de permettre \u00e0 des personnes sans emploi, rencontrant des difficult\u00e9s sociales et professionnelles particuli\u00e8res, de b\u00e9n\u00e9ficier de contrats de travail en vue de faciliter leur insertion professionnelle.<br \/>Elle met en \u0153uvre des modalit\u00e9s sp\u00e9cifiques d&rsquo;accueil et d&rsquo;accompagnement. L&rsquo;insertion par l&rsquo;activit\u00e9 \u00e9conomique, notamment par la cr\u00e9ation d&rsquo;activit\u00e9s \u00e9conomiques, contribue \u00e9galement au d\u00e9veloppement des territoires.<br \/>Ce mod\u00e8le associe contrat de travail et accompagnement individualis\u00e9, afin de constituer une passerelle vers l\u2019insertion professionnelle.<br \/>La finalit\u00e9 est de faire progresser le salari\u00e9 par la situation de travail et de favoriser son retour \u00e0 l\u2019emploi ou \u00e0 la formation \u00e0 l\u2019issue du parcours.<\/p>\n<p>Les personnes sont salari\u00e9es sous un statut CDDI temps partiel<\/p>\n<p><strong>Public :<\/strong><br \/>&#8211; Demandeurs d\u2019emploi<br \/>&#8211; B\u00e9n\u00e9ficiaires de minima sociaux<br \/>&#8211; Ch\u00f4meurs longue dur\u00e9e<br \/>&#8211; Travailleurs handicap\u00e9s<\/p>\n<p><strong>Lieux G\u00e9ographiques :<\/strong><br \/>&#8211; M\u00e9tropole du Grand Nancy<br \/>&#8211; Terres de Lorraine<br \/>&#8211; Metz<\/p>\n<p>[\/et_pb_toggle][et_pb_toggle title=\u00a0\u00bbNancy-M\u00e9tropole &#8211; Port\u00e9s par ACTION SAUVOY, \u00e0 Max\u00e9ville\u00a0\u00bb open_toggle_text_color=\u00a0\u00bb#FF0066&Prime; open_toggle_background_color=\u00a0\u00bb#FFFFFF\u00a0\u00bb _builder_version=\u00a0\u00bb4.27.4&Prime; _module_preset=\u00a0\u00bbdefault\u00a0\u00bb title_text_color=\u00a0\u00bb#FFFFFF\u00a0\u00bb background_color=\u00a0\u00bb#FF0066&Prime; border_width_all=\u00a0\u00bb0px\u00a0\u00bb border_color_all=\u00a0\u00bb#FFFFFF\u00a0\u00bb global_colors_info=\u00a0\u00bb{}\u00a0\u00bb]<\/p>\n<p><span style=\"color: #ff0066;\"><strong>Restauration collective<\/strong><\/span><br \/><strong>Activit\u00e9s :\u00a0<\/strong>Pr\u00e9paration de repas &#8211; Conditionnement &#8211; Livraison &#8211; Service<br \/><strong>M\u00e9tiers propos\u00e9s :<\/strong> Agent polyvalent de restauration &#8211; chauffeur-livreur<\/p>\n<p><span style=\"color: #ff0066;\"><strong>L\u2019Amidonn\u00e9<\/strong><\/span><br \/><strong>Activit\u00e9s :<\/strong> Entretien du linge &#8211; Repassage &#8211; Couture &#8211; Livraison<br \/><strong>M\u00e9tiers propos\u00e9s :<\/strong> Agent polyvalent du textile &#8211; livreur.<\/p>\n<p><strong>Agr\u00e9ment :<\/strong> 33,92 ETP<\/p>\n<p style=\"text-align: justify;\"><em><img loading=\"lazy\" decoding=\"async\" src=\"https:\/\/arelia-asso.fr\/wp-content\/uploads\/2025\/01\/Cofinance_par_lunion_europeenne_reduit-300x63.png\" width=\"300\" height=\"63\" alt=\"\" class=\"wp-image-3938 alignnone size-medium\" \/><br \/>Le Fonds Social Europ\u00e9en (FSE+) cofinance les chantiers d\u2019insertion \u00ab\u00a0ACTION SAUVOY\u00a0\u00bb. \u2028\u2028A travers cette op\u00e9ration budg\u00e9t\u00e9e \u00e0 280191,17\u20ac, Action Sauvoy assure une remobilisation vers l&#8217;emploi et \u00e9marge sur l&rsquo;axe prioritaire 1H du Programme national FSE+ \u00ab\u00a0Emploi &#8211; Inclusion &#8211; Jeunesse &#8211; Comp\u00e9tences 2021-2027 \u00a0\u00bb Favoriser l&rsquo;inclusion active afin de promouvoir l&rsquo;\u00e9galit\u00e9 des chances, la non-discrimination et la participation active, et am\u00e9liorer l&#8217;employabilit\u00e9, en particulier pour les groupes d\u00e9favoris\u00e9s\u00a0\u00bb avec un cofinancement du FSE+ sur l\u2019ann\u00e9e 2023 pour un montant de 100000 \u20ac.\u2028Pour 2024 et 2025, l\u2019action est budg\u00e9t\u00e9e \u00e0 544290,40 \u20ac et cofinanc\u00e9e par le FSE+ \u00e0 hauteur de 200000 \u20ac.<\/em><\/p>\n<p><strong>Pour b\u00e9n\u00e9ficier d\u2019un CDD-I, PASS IAE d\u2019une dur\u00e9e de 24 mois pendant laquelle le CDD-I peut \u00eatre renouvel\u00e9. Premier CDD-I de 4 mois renouvelable dans la limite de 24 mois.<\/strong><\/p>\n<hr \/>\n<h4 style=\"text-align: center;\"><strong><\/strong><\/h4>\n<h4 style=\"text-align: center;\"><strong>Vous souhaitez int\u00e9grer un de nos chantiers d&rsquo;insertion ?<\/strong><\/h4>\n<p style=\"text-align: center;\">Rapprochez-vous de votre conseiller France Travail, Mission Locale ou travailleur social\u2026<br \/>afin qu\u2019il vous positionne sur l\u2019une de nos offres d\u2019emploi sur la plateforme inclusion \u00e0 l\u2019adresse suivante\u00a0:<\/p>\n<p style=\"text-align: center;\"><strong>\u00ab\u00a0Les Emplois de l\u2019inclusion\u00a0\u00bb : <a href=\"https:\/\/emplois.inclusion.beta.gouv.fr\/company\/4407\/card?back_url=\/search\/employers\/results%3Fcompany%3D4407%26city%3Dnancy-54%26distance%3D25\">Max\u00e9ville (54) &#8211; ACI ACTION SAUVOY<\/a><a href=\"https:\/\/emplois.inclusion.beta.gouv.fr\/company\/4459\/card?back_url=\/search\/employers\/results%3Fcompany%3D4459%26city%3Dnancy-54%26distance%3D25\"><\/a><\/strong><\/p>\n<hr \/>\n<p>[\/et_pb_toggle][et_pb_toggle title=\u00a0\u00bbTerres de Lorraine &#8211; Port\u00e9s par FRATERNITE SUD LORRAINE, \u00e0 Toul\u00a0\u00bb open_toggle_text_color=\u00a0\u00bb#FF0066&Prime; open_toggle_background_color=\u00a0\u00bb#FFFFFF\u00a0\u00bb _builder_version=\u00a0\u00bb4.27.4&Prime; _module_preset=\u00a0\u00bbdefault\u00a0\u00bb title_text_color=\u00a0\u00bb#FFFFFF\u00a0\u00bb background_color=\u00a0\u00bb#FF0066&Prime; border_width_all=\u00a0\u00bb0px\u00a0\u00bb border_color_all=\u00a0\u00bb#FFFFFF\u00a0\u00bb global_colors_info=\u00a0\u00bb{}\u00a0\u00bb]<\/p>\n<p><span style=\"color: #ff0066;\"><strong>Espaces-verts<\/strong><\/span><br \/><strong>Activit\u00e9s : <\/strong>Tonte, d\u00e9broussaillage, dessouchage, taille de haies et d\u2019arbustes, am\u00e9nagement et entretiens de massifs, ramassage de feuilles, nettoyage de gares\u2026<br \/><strong>M\u00e9tiers propos\u00e9s :<\/strong> Ouvrier polyvalent des espaces verts.<\/p>\n<p><span style=\"color: #ff0066;\"><strong>Maraichage bio<\/strong><\/span><br \/><strong>Activit\u00e9s :<\/strong> Production et vente de plants et de l\u00e9gumes biologiques, Pr\u00e9paration de supports de cultures, semis et repiquage de l\u00e9gumes divers, entretien des cultures, vente et accueil clients.<br \/><strong>M\u00e9tiers propos\u00e9s :<\/strong> Ouvriers polyvalents mara\u00eechage, agent d\u2019accueil et administratif.<\/p>\n<p><span style=\"color: #ff0066;\"><strong>Collecte, tri et valorisation de d\u00e9chets de bureau &#8211; ELISE<\/strong><\/span><br \/><strong>Activit\u00e9s :<\/strong> Collecte et tri de d\u00e9chets de bureau pour le compte d\u2019Elise Metz Borny.<br \/><strong>M\u00e9tiers propos\u00e9s :<\/strong> Collecteurs et agents de tri.<br \/><span style=\"color: #ff0066;\"><strong><img loading=\"lazy\" decoding=\"async\" src=\"https:\/\/arelia-asso.fr\/wp-content\/uploads\/2025\/01\/logo-elise-png.png\" width=\"225\" height=\"125\" alt=\"\" class=\"wp-image-3915 alignnone size-full\" \/><\/strong><\/span><\/p>\n<p><span style=\"color: #ff0066;\"><strong>Propret\u00e9<\/strong><\/span><br \/><strong>Activit\u00e9s :<\/strong> Entretien et nettoyage de sites ext\u00e9rieurs et locaux.<br \/><strong>M\u00e9tiers propos\u00e9s :<\/strong> Agent d\u2019entretien.<\/p>\n<p><strong>Agr\u00e9ment :<\/strong> 29,62 ETP<\/p>\n<h6 style=\"text-align: justify;\"><img loading=\"lazy\" decoding=\"async\" src=\"https:\/\/arelia-asso.fr\/wp-content\/uploads\/2025\/01\/Cofinance_par_lunion_europeenne_reduit-300x63.png\" width=\"300\" height=\"63\" alt=\"\" class=\"wp-image-3938 alignnone size-medium\" \/><\/h6>\n<p style=\"text-align: justify;\"><em>Le Fonds Social Europ\u00e9en (FSE+) cofinance les chantiers d\u2019insertion \u00ab\u00a0FRATERNITE SUD LORRAINE\u00a0\u00bb A travers cette op\u00e9ration, Fraternit\u00e9 Sud Lorraine assure une remobilisation vers l&#8217;emploi et \u00e9marge sur l&rsquo;axe prioritaire 1H du Programme national FSE+ Emploi &#8211; Inclusion &#8211; Jeunesse &#8211; Comp\u00e9tences 2021-2027 \u00a0\u00bb Favoriser l&rsquo;inclusion active afin de promouvoir l&rsquo;\u00e9galit\u00e9 des chances, la non-discrimination et la participation active, et am\u00e9liorer l&#8217;employabilit\u00e9, en particulier pour les groupes d\u00e9favoris\u00e9s\u00a0\u00bb avec un cofinancement de 190000 \u20ac du FSE+ sur les ann\u00e9es 2022 et 2023 pour un budget total de 401858,62\u20ac et un cofinancement de 190000 \u20ac du FSE+ sur les ann\u00e9es 2024 et 2025 pour un budget total de 398145\u20ac .<\/em><\/p>\n<p><strong>Pour b\u00e9n\u00e9ficier d\u2019un CDD-I, PASS IAE d\u2019une dur\u00e9e de 24 mois pendant laquelle le CDD-I peut \u00eatre renouvel\u00e9. Premier CDD-I de 4 mois renouvelable dans la limite de 24 mois.<\/strong><\/p>\n<hr \/>\n<h4 style=\"text-align: center;\"><strong><\/strong><\/h4>\n<h4 style=\"text-align: center;\"><strong>Vous souhaitez int\u00e9grer un de nos chantiers d&rsquo;insertion ?<\/strong><\/h4>\n<p style=\"text-align: center;\">Rapprochez-vous de votre conseiller France Travail, Mission Locale ou travailleur social\u2026<br \/>afin qu\u2019il vous positionne sur l\u2019une de nos offres d\u2019emploi sur la plateforme inclusion \u00e0 l\u2019adresse suivante\u00a0:<\/p>\n<p style=\"text-align: center;\"><strong>\u00ab\u00a0Les Emplois de l\u2019inclusion\u00a0\u00bb : <\/strong><a href=\"https:\/\/emplois.inclusion.beta.gouv.fr\/company\/4406\/card?back_url=\/search\/employers\/results%3Fcompany%3D4406%26city%3Dnancy-54%26distance%3D25\"><strong>Toul (54) &#8211; ACI Fraternit\u00e9 Sud Lorraine<\/strong><\/a><\/p>\n<hr \/>\n<p>[\/et_pb_toggle][et_pb_toggle title=\u00a0\u00bbMoselle &#8211; Port\u00e9s par ARELIA, \u00e0 Metz Borny\u00a0\u00bb open_toggle_text_color=\u00a0\u00bb#FF0066&Prime; open_toggle_background_color=\u00a0\u00bb#FFFFFF\u00a0\u00bb _builder_version=\u00a0\u00bb4.27.4&Prime; _module_preset=\u00a0\u00bbdefault\u00a0\u00bb title_text_color=\u00a0\u00bb#FFFFFF\u00a0\u00bb background_color=\u00a0\u00bb#FF0066&Prime; border_width_all=\u00a0\u00bb0px\u00a0\u00bb border_color_all=\u00a0\u00bb#FFFFFF\u00a0\u00bb global_colors_info=\u00a0\u00bb{}\u00a0\u00bb]<\/p>\n<p style=\"text-align: center;\"><strong>Cette plateforme de chantiers est soutenue par L\u2019Etat, le Conseil D\u00e9partemental de Moselle, la Ville de Metz et le Fonds Social Europ\u00e9en.<\/strong><\/p>\n<p><span style=\"color: #ff0066;\"><strong>Nettoyage de locaux<\/strong><\/span><br \/><strong>Activit\u00e9s :\u00a0<\/strong>Entretien de bureaux, sanitaires, communs d\u2019immeubles, vitreries, d\u00e9capage et remise en \u00e9tat.<br \/><strong>M\u00e9tiers propos\u00e9s :<\/strong> Agent d\u2019entretien et de propret\u00e9.<\/p>\n<p><span style=\"color: #ff0066;\"><strong>Collecte, tri et valorisation de d\u00e9chets de bureau &#8211; ELISE<\/strong><\/span><br \/><strong>Activit\u00e9s :\u00a0<\/strong> Collecte du papier au sein des entreprises et des administrations, tri de ce papier pour valoriser sa revente aupr\u00e8s de VEOLIA, destruction des documents confidentiels. Chantier sous la forme d\u2019une franchise avec la soci\u00e9t\u00e9 ELISE de Lille.<br \/><strong>M\u00e9tiers propos\u00e9s :\u00a0<\/strong>Chauffeur-collecteur- trieur (ouvrier polyvalent), agent administratif.<\/p>\n<p><img loading=\"lazy\" decoding=\"async\" src=\"https:\/\/arelia-asso.fr\/wp-content\/uploads\/2025\/01\/logo-elise-png.png\" width=\"225\" height=\"125\" alt=\"\" class=\"wp-image-3915 alignnone size-full\" \/><\/p>\n<p><strong>Agr\u00e9ment :<\/strong> 22,5 ETP<\/p>\n<p style=\"text-align: justify;\"><em><img loading=\"lazy\" decoding=\"async\" src=\"https:\/\/arelia-asso.fr\/wp-content\/uploads\/2025\/01\/Cofinance_par_lunion_europeenne_reduit-300x63.png\" width=\"300\" height=\"63\" alt=\"\" class=\"wp-image-3938 alignnone size-medium\" \/><br \/>Le Fonds Social Europ\u00e9en (FSE+) cofinance les chantiers d\u2019insertion \u00ab\u00a0METZ BORNY\u00a0\u00bb. \u2028\u2028A travers cette op\u00e9ration, Ar\u00e9lia assure une remobilisation vers l&#8217;emploi et \u00e9marge sur l&rsquo;objectif 1.h \u00ab\u00a0Favoriser l&rsquo;inclusion active afin de promouvoir l&rsquo;\u00e9galit\u00e9 des chances, la non-discrimination et la participation active, et am\u00e9liorer l&#8217;employabilit\u00e9, en particulier pour les groupes d\u00e9favoris\u00e9s\u00a0\u00bb avec un cofinancement du Fonds Social Europ\u00e9en sur les ann\u00e9es 2022-2023 d\u2019un montant de 186900 \u20ac et sur l\u2019ann\u00e9e 2024 d\u2019un montant de 71540 \u20ac.<\/em><\/p>\n<p><strong>Pour b\u00e9n\u00e9ficier d\u2019un CDD-I, PASS IAE d\u2019une dur\u00e9e de 24 mois pendant laquelle le CDD-I peut \u00eatre renouvel\u00e9. Premier CDD-I de 4 mois renouvelable dans la limite de 24 mois.<\/strong><\/p>\n<p><strong><\/strong><\/p>\n<hr \/>\n<h4 style=\"text-align: center;\"><strong><\/strong><\/h4>\n<h4 style=\"text-align: center;\"><strong>Vous souhaitez int\u00e9grer un de nos chantiers d&rsquo;insertion ?<\/strong><\/h4>\n<p style=\"text-align: center;\">Rapprochez-vous de votre conseiller France Travail, Mission Locale ou travailleur social\u2026<br \/>afin qu\u2019il vous positionne sur l\u2019une de nos offres d\u2019emploi sur la plateforme inclusion \u00e0 l\u2019adresse suivante\u00a0:<\/p>\n<p style=\"text-align: center;\"><strong>\u00ab\u00a0Les Emplois de l\u2019inclusion\u00a0\u00bb : <a href=\"https:\/\/emplois.inclusion.beta.gouv.fr\/company\/4457\/card?back_url=\/search\/employers\/results%3Fcompany%3D4457%26city%3Dmetz-57%26distance%3D25\">Metz (57) &#8211; ACI ARELIA METZ BORNY<\/a><\/strong><\/p>\n<p style=\"text-align: center;\"><strong><\/strong><\/p>\n<hr \/>\n<p>[\/et_pb_toggle][\/et_pb_column][\/et_pb_row][et_pb_row _builder_version=\u00a0\u00bb4.18.0&Prime; _module_preset=\u00a0\u00bbdefault\u00a0\u00bb global_colors_info=\u00a0\u00bb{}\u00a0\u00bb][et_pb_column type=\u00a0\u00bb4_4&Prime; _builder_version=\u00a0\u00bb4.18.0&Prime; _module_preset=\u00a0\u00bbdefault\u00a0\u00bb global_colors_info=\u00a0\u00bb{}\u00a0\u00bb][et_pb_text _builder_version=\u00a0\u00bb4.27.0&Prime; _module_preset=\u00a0\u00bbdefault\u00a0\u00bb global_colors_info=\u00a0\u00bb{}\u00a0\u00bb]<\/p>\n<h2>Entreprise d&rsquo;insertion<\/h2>\n<p>[\/et_pb_text][et_pb_toggle title=\u00a0\u00bbSauvoy restauration \u00e0 Max\u00e9ville\u00a0\u00bb open_toggle_text_color=\u00a0\u00bb#FF0066&Prime; open_toggle_background_color=\u00a0\u00bb#FFFFFF\u00a0\u00bb _builder_version=\u00a0\u00bb4.27.4&Prime; _module_preset=\u00a0\u00bbdefault\u00a0\u00bb title_text_color=\u00a0\u00bb#FFFFFF\u00a0\u00bb background_color=\u00a0\u00bb#FF0066&Prime; border_width_all=\u00a0\u00bb0px\u00a0\u00bb border_color_all=\u00a0\u00bb#FFFFFF\u00a0\u00bb global_colors_info=\u00a0\u00bb{}\u00a0\u00bb]<\/p>\n<p><span style=\"color: #ff0066;\"><strong>Activit\u00e9s : <\/strong><\/span>Vente de repas produits par la cuisine centrale d&rsquo;Ar\u00e9lia \u00e0 des soci\u00e9t\u00e9s de portage de repas, collectivit\u00e9s, associations\u2026<\/p>\n<p><span style=\"color: #ff0066;\"><strong>M\u00e9tiers propos\u00e9s : <\/strong><\/span>Livreurs.<\/p>\n<p><strong>Agr\u00e9ment :<\/strong> 3,69 ETP<\/p>\n<p><strong>Pour b\u00e9n\u00e9ficier d\u2019un CDD-I, PASS IAE d\u2019une dur\u00e9e de 24 mois pendant laquelle le CDD-I peut \u00eatre renouvel\u00e9. Premier CDD-I de 4 mois renouvelable dans la limite de 24 mois.<\/strong><\/p>\n<hr \/>\n<h4 style=\"text-align: center;\"><strong><\/strong><\/h4>\n<h4 style=\"text-align: center;\"><strong>Vous souhaitez int\u00e9grer un de nos chantiers d&rsquo;insertion ?<\/strong><\/h4>\n<p style=\"text-align: center;\">Rapprochez-vous de votre conseiller France Travail, Mission Locale ou travailleur social\u2026<br \/>afin qu\u2019il vous positionne sur l\u2019une de nos offres d\u2019emploi sur la plateforme inclusion \u00e0 l\u2019adresse suivante\u00a0:<\/p>\n<p style=\"text-align: center;\"><strong>\u00ab\u00a0Les Emplois de l\u2019inclusion\u00a0\u00bb : <a href=\"https:\/\/emplois.inclusion.beta.gouv.fr\/company\/4392\/card?back_url=\/search\/employers\/results%3Fcompany%3D4392%26city%3Dnancy-54%26distance%3D25\">Max\u00e9ville (54) &#8211; SAUVOY RESTAURATION<\/a><\/strong><\/p>\n<hr \/>\n<p>[\/et_pb_toggle][\/et_pb_column][\/et_pb_row][\/et_pb_section]<\/p>\n","protected":false},"excerpt":{"rendered":"<p>Ins\u00e9rer par le travailADAPTATION A LA VIE ACTIVEMission :Le dispositif AVA offre une toute premi\u00e8re mobilisation vers l\u2019emploi avec pour objectif de favoriser l\u2019apprentissage ou le r\u00e9apprentissage des r\u00e8gles n\u00e9cessaires \u00e0 la reprise d\u2019une activit\u00e9\u00a0professionnelle :\u2022 Retrouver un rythme de travail,\u2022 Respecter les horaires de travail,\u2022 S\u2019int\u00e9grer dans une \u00e9quipe,\u2022 Lever les freins et les [&hellip;]<\/p>\n","protected":false},"author":1,"featured_media":0,"parent":2648,"menu_order":0,"comment_status":"closed","ping_status":"closed","template":"","meta":{"_et_pb_use_builder":"on","_et_pb_old_content":"","_et_gb_content_width":"","footnotes":""},"class_list":["post-2899","page","type-page","status-publish","hentry"],"_links":{"self":[{"href":"https:\/\/arelia-asso.fr\/index.php\/wp-json\/wp\/v2\/pages\/2899","targetHints":{"allow":["GET"]}}],"collection":[{"href":"https:\/\/arelia-asso.fr\/index.php\/wp-json\/wp\/v2\/pages"}],"about":[{"href":"https:\/\/arelia-asso.fr\/index.php\/wp-json\/wp\/v2\/types\/page"}],"author":[{"embeddable":true,"href":"https:\/\/arelia-asso.fr\/index.php\/wp-json\/wp\/v2\/users\/1"}],"replies":[{"embeddable":true,"href":"https:\/\/arelia-asso.fr\/index.php\/wp-json\/wp\/v2\/comments?post=2899"}],"version-history":[{"count":58,"href":"https:\/\/arelia-asso.fr\/index.php\/wp-json\/wp\/v2\/pages\/2899\/revisions"}],"predecessor-version":[{"id":4197,"href":"https:\/\/arelia-asso.fr\/index.php\/wp-json\/wp\/v2\/pages\/2899\/revisions\/4197"}],"up":[{"embeddable":true,"href":"https:\/\/arelia-asso.fr\/index.php\/wp-json\/wp\/v2\/pages\/2648"}],"wp:attachment":[{"href":"https:\/\/arelia-asso.fr\/index.php\/wp-json\/wp\/v2\/media?parent=2899"}],"curies":[{"name":"wp","href":"https:\/\/api.w.org\/{rel}","templated":true}]}}