{"id":4254,"date":"2025-03-03T12:34:27","date_gmt":"2025-03-03T11:34:27","guid":{"rendered":"https:\/\/arelia-asso.fr\/?page_id=4254"},"modified":"2025-06-04T10:21:34","modified_gmt":"2025-06-04T08:21:34","slug":"revue-de-presse","status":"publish","type":"page","link":"https:\/\/arelia-asso.fr\/index.php\/revue-de-presse\/","title":{"rendered":"Revue de Presse"},"content":{"rendered":"<p>[et_pb_section fb_built=\u00a0\u00bb1&Prime; _builder_version=\u00a0\u00bb4.18.0&Prime; _module_preset=\u00a0\u00bbdefault\u00a0\u00bb custom_padding=\u00a0\u00bb||10px|||\u00a0\u00bb global_colors_info=\u00a0\u00bb{}\u00a0\u00bb][et_pb_row _builder_version=\u00a0\u00bb4.18.0&Prime; _module_preset=\u00a0\u00bbdefault\u00a0\u00bb global_colors_info=\u00a0\u00bb{}\u00a0\u00bb][et_pb_column type=\u00a0\u00bb4_4&Prime; _builder_version=\u00a0\u00bb4.18.0&Prime; _module_preset=\u00a0\u00bbdefault\u00a0\u00bb global_colors_info=\u00a0\u00bb{}\u00a0\u00bb][et_pb_text _builder_version=\u00a0\u00bb4.27.4&Prime; _module_preset=\u00a0\u00bbdefault\u00a0\u00bb text_font=\u00a0\u00bb|800||on|||||\u00a0\u00bb text_text_color=\u00a0\u00bb#FF0066&Prime; text_font_size=\u00a0\u00bb64px\u00a0\u00bb custom_margin=\u00a0\u00bb||56px||false|false\u00a0\u00bb global_colors_info=\u00a0\u00bb{}\u00a0\u00bb]<\/p>\n<p style=\"text-align: center;\">Revue de Presse<\/p>\n<p>[\/et_pb_text][\/et_pb_column][\/et_pb_row][et_pb_row _builder_version=\u00a0\u00bb4.27.4&Prime; _module_preset=\u00a0\u00bbdefault\u00a0\u00bb global_colors_info=\u00a0\u00bb{}\u00a0\u00bb][et_pb_column type=\u00a0\u00bb4_4&Prime; _builder_version=\u00a0\u00bb4.27.4&Prime; _module_preset=\u00a0\u00bbdefault\u00a0\u00bb global_colors_info=\u00a0\u00bb{}\u00a0\u00bb][et_pb_text _builder_version=\u00a0\u00bb4.27.4&Prime; _module_preset=\u00a0\u00bbdefault\u00a0\u00bb text_font=\u00a0\u00bb||||||||\u00a0\u00bb hover_enabled=\u00a0\u00bb0&Prime; global_colors_info=\u00a0\u00bb{}\u00a0\u00bb sticky_enabled=\u00a0\u00bb0&Prime;]<\/p>\n<p><span style=\"color: #000000;\"><a href=\"https:\/\/arelia-asso.fr\/wp-content\/uploads\/2025\/06\/ER030625-toul-deux-residents-de-la-Cuesta-partagent-leur-parcours-de-vie.pdf\" target=\"_blank\" rel=\"noopener\" style=\"color: #000000;\"><span style=\"text-decoration: underline;\"><span style=\"color: #ff6600; text-decoration: underline;\">\u2022 <\/span>Est R\u00e9publicain &#8211; 3 juin 2025 &#8211; <strong>Deux residents de la Cuesta partagent leur parcours de vie<\/strong><\/span><\/a><span style=\"text-decoration: underline;\"><\/span><span style=\"color: #ff6600;\"><span style=\"text-decoration: underline;\"><br \/><a href=\"https:\/\/arelia-asso.fr\/wp-content\/uploads\/2025\/05\/ER070525-fraternite-sud-lorraine.pdf\"><strong>\u2022<\/strong><span style=\"color: #000000; text-decoration: underline;\"> Est R\u00e9publicain &#8211; 7 mai 2025 &#8211; <\/span><\/a><strong><a href=\"https:\/\/arelia-asso.fr\/wp-content\/uploads\/2025\/05\/ER070525-fraternite-sud-lorraine.pdf\"><span style=\"color: #000000; text-decoration: underline;\">Fraternit\u00e9 Sud Lorraine<\/span><\/a><br \/>\u2022 <\/strong><a href=\"https:\/\/arelia-asso.fr\/wp-content\/uploads\/2025\/05\/ER300425-debat-et-information-sur-les-violences-conjugales-bainville-aux-miroirs.pdf\"><span style=\"color: #000000; text-decoration: underline;\">Est R\u00e9publicain &#8211; 30 avril 2025 &#8211; <strong>D\u00e9bat et information sur les violences conjugales &#8211; Bainville-aux-Miroirs<\/strong><\/span><\/a><\/span><strong><br \/>\u2022<\/strong><\/span><a href=\"https:\/\/arelia-asso.fr\/wp-content\/uploads\/2025\/03\/12-ER250225-Accueil-des-refugies-ukrainiens-le-departement-modele-d-insertion.pdf\" style=\"color: #000000; text-decoration: underline;\">Est R\u00e9publicain &#8211; 25 f\u00e9vrier 2025 &#8211; <strong>Accueil des r\u00e9fugies ukrainiens &#8211; le d\u00e9partement mod\u00e8le d&rsquo;insertion<\/strong><\/a><\/span><br \/><span style=\"color: #000000;\"><a href=\"https:\/\/arelia-asso.fr\/wp-content\/uploads\/2025\/03\/11-ER300125-Voeux-ARELIA-revele-la-creation-artistique-de-ses-beneficiaires.pdf\" style=\"color: #000000; text-decoration: underline;\"><span style=\"color: #ff6600; text-decoration: underline;\"><strong>\u2022<\/strong> <\/span><\/a><a href=\"https:\/\/arelia-asso.fr\/wp-content\/uploads\/2025\/03\/12-ER250225-Accueil-des-refugies-ukrainiens-le-departement-modele-d-insertion.pdf\" style=\"color: #000000; text-decoration: underline;\"><\/a><a href=\"https:\/\/arelia-asso.fr\/wp-content\/uploads\/2025\/03\/11-ER300125-Voeux-ARELIA-revele-la-creation-artistique-de-ses-beneficiaires.pdf\" style=\"color: #000000; text-decoration: underline;\">Est R\u00e9publicain &#8211; 30 janvier 2025 &#8211; <strong>V\u0153ux : Ar\u00e9lia r\u00e9v\u00e8le la cr\u00e9ation artistique de ses be\u0301ne\u0301ficiaires<\/strong><\/a><\/span><br \/><span style=\"color: #000000;\"><a href=\"https:\/\/arelia-asso.fr\/wp-content\/uploads\/2025\/03\/10-ER031224-maxeville-le-char-de-saint-nicolas-a-fait-sa-sortie-officielle.pdf\" style=\"color: #000000; text-decoration: underline;\"><span style=\"color: #ff6600; text-decoration: underline;\"><strong>\u2022<\/strong> <\/span><\/a><a href=\"https:\/\/arelia-asso.fr\/wp-content\/uploads\/2025\/03\/12-ER250225-Accueil-des-refugies-ukrainiens-le-departement-modele-d-insertion.pdf\" style=\"color: #000000; text-decoration: underline;\"><\/a><a href=\"https:\/\/arelia-asso.fr\/wp-content\/uploads\/2025\/03\/10-ER031224-maxeville-le-char-de-saint-nicolas-a-fait-sa-sortie-officielle.pdf\" style=\"color: #000000; text-decoration: underline;\">Est R\u00e9publicain &#8211; 31 d\u00e9cembre 2024 &#8211; <strong>Max\u00e9ville : le char de Saint Nicolas a fait sa sortie officielle<\/strong><\/a><\/span><br \/><span style=\"color: #000000;\"><a href=\"https:\/\/arelia-asso.fr\/wp-content\/uploads\/2025\/03\/09-ER201224-amis-sans-frontieres-ARELIA.pdf\" style=\"color: #000000; text-decoration: underline;\"><span style=\"color: #ff6600; text-decoration: underline;\"><strong>\u2022<\/strong> <\/span><\/a><a href=\"https:\/\/arelia-asso.fr\/wp-content\/uploads\/2025\/03\/12-ER250225-Accueil-des-refugies-ukrainiens-le-departement-modele-d-insertion.pdf\" style=\"color: #000000; text-decoration: underline;\"><\/a><a href=\"https:\/\/arelia-asso.fr\/wp-content\/uploads\/2025\/03\/09-ER201224-amis-sans-frontieres-ARELIA.pdf\" style=\"color: #000000; text-decoration: underline;\">Est R\u00e9publicain &#8211; 20 d\u00e9cembre 2024 &#8211; <strong>Amis sans fronti\u00e8res<\/strong><\/a><\/span><br \/><span style=\"color: #000000;\"><a href=\"https:\/\/arelia-asso.fr\/wp-content\/uploads\/2025\/03\/08-ER271124-la-future-maison-des-femmes-a-son-association.pdf\" style=\"color: #000000; text-decoration: underline;\"><span style=\"color: #ff6600; text-decoration: underline;\"><strong>\u2022<\/strong> <\/span><\/a><a href=\"https:\/\/arelia-asso.fr\/wp-content\/uploads\/2025\/03\/12-ER250225-Accueil-des-refugies-ukrainiens-le-departement-modele-d-insertion.pdf\" style=\"color: #000000; text-decoration: underline;\"><\/a><a href=\"https:\/\/arelia-asso.fr\/wp-content\/uploads\/2025\/03\/08-ER271124-la-future-maison-des-femmes-a-son-association.pdf\" style=\"color: #000000; text-decoration: underline;\">Est R\u00e9publicain &#8211; 27 novembre 2024 &#8211; <strong>La future maison des femmes a son association<\/strong><\/a><\/span><br \/><span style=\"color: #000000;\"><a href=\"https:\/\/arelia-asso.fr\/wp-content\/uploads\/2025\/03\/07-LEst-Republicain-Des-emplois-solidaires-pour-une-insertion-par-lactivite-26112024.pdf\" style=\"color: #000000; text-decoration: underline;\"><span style=\"color: #ff6600; text-decoration: underline;\"><strong>\u2022<\/strong> <\/span><\/a><a href=\"https:\/\/arelia-asso.fr\/wp-content\/uploads\/2025\/03\/12-ER250225-Accueil-des-refugies-ukrainiens-le-departement-modele-d-insertion.pdf\" style=\"color: #000000; text-decoration: underline;\"><\/a><a href=\"https:\/\/arelia-asso.fr\/wp-content\/uploads\/2025\/03\/07-LEst-Republicain-Des-emplois-solidaires-pour-une-insertion-par-lactivite-26112024.pdf\" style=\"color: #000000; text-decoration: underline;\">Est R\u00e9publicain &#8211; 26 novembre 2024 &#8211; <strong>Des emplois solidaires pour une insertion par l\u2019activite\u0301<\/strong><\/a><\/span><br \/><span style=\"color: #000000;\"><a href=\"https:\/\/arelia-asso.fr\/wp-content\/uploads\/2025\/03\/06-ER111224-laxou-village-des-solutions-l-a-cces-a-la-formation-et-a-l-emploi-facilite.pdf\" style=\"color: #000000; text-decoration: underline;\"><span style=\"color: #ff6600; text-decoration: underline;\"><strong>\u2022<\/strong> <\/span><\/a><a href=\"https:\/\/arelia-asso.fr\/wp-content\/uploads\/2025\/03\/12-ER250225-Accueil-des-refugies-ukrainiens-le-departement-modele-d-insertion.pdf\" style=\"color: #000000; text-decoration: underline;\"><\/a><a href=\"https:\/\/arelia-asso.fr\/wp-content\/uploads\/2025\/03\/06-ER111224-laxou-village-des-solutions-l-a-cces-a-la-formation-et-a-l-emploi-facilite.pdf\" style=\"color: #000000; text-decoration: underline;\">Est R\u00e9publicain &#8211; 11 novembre 2024 &#8211; <strong>Laxou : Village des solutions : l&rsquo;acc\u00e8s a la formation et \u00e0 l&#8217;emploi facilite\u0301<\/strong><\/a><\/span><br \/><span style=\"color: #000000;\"><a href=\"https:\/\/arelia-asso.fr\/wp-content\/uploads\/2025\/03\/05-ER111124-maxeville-dix-benevoles-finalisent-le-char-de-saint-nicolas.pdf\" style=\"color: #000000; text-decoration: underline;\"><span style=\"color: #ff6600; text-decoration: underline;\"><strong>\u2022<\/strong> <\/span><\/a><a href=\"https:\/\/arelia-asso.fr\/wp-content\/uploads\/2025\/03\/12-ER250225-Accueil-des-refugies-ukrainiens-le-departement-modele-d-insertion.pdf\" style=\"color: #000000; text-decoration: underline;\"><\/a><a href=\"https:\/\/arelia-asso.fr\/wp-content\/uploads\/2025\/03\/05-ER111124-maxeville-dix-benevoles-finalisent-le-char-de-saint-nicolas.pdf\" style=\"color: #000000; text-decoration: underline;\">Est R\u00e9publicain &#8211; 11 novembre 2024 &#8211; <strong>Max\u00e9ville : Dix b\u00e9n\u00e9voles finalisent le char de Saint Nicolas<\/strong><\/a><\/span><br \/><span style=\"color: #000000;\"><a href=\"https:\/\/arelia-asso.fr\/wp-content\/uploads\/2025\/03\/04-ER011124-VEILLE-HIVERNALE-DES-PLACES-ENCORE-INSUFFISANTES.pdf\" style=\"color: #000000; text-decoration: underline;\"><span style=\"color: #ff6600; text-decoration: underline;\"><strong>\u2022<\/strong> <\/span><\/a><a href=\"https:\/\/arelia-asso.fr\/wp-content\/uploads\/2025\/03\/12-ER250225-Accueil-des-refugies-ukrainiens-le-departement-modele-d-insertion.pdf\" style=\"color: #000000; text-decoration: underline;\"><\/a><a href=\"https:\/\/arelia-asso.fr\/wp-content\/uploads\/2025\/03\/04-ER011124-VEILLE-HIVERNALE-DES-PLACES-ENCORE-INSUFFISANTES.pdf\" style=\"color: #000000; text-decoration: underline;\">Est R\u00e9publicain &#8211; 1er novembre 2024 &#8211; <strong>Veille Hivernale : des places encore insuffisantes<\/strong><\/a><\/span><br \/><span style=\"color: #000000;\"><a href=\"https:\/\/arelia-asso.fr\/wp-content\/uploads\/2025\/03\/03-ER241024-EXPRESSIONS-PLURIELLES-A-L_OEUVRE-POUR-LE-BIEN-ETRE-DES-FEMMES-VANDOEUVRE.pdf\" style=\"color: #000000; text-decoration: underline;\"><span style=\"color: #ff6600; text-decoration: underline;\"><strong>\u2022<\/strong> <\/span><\/a><a href=\"https:\/\/arelia-asso.fr\/wp-content\/uploads\/2025\/03\/12-ER250225-Accueil-des-refugies-ukrainiens-le-departement-modele-d-insertion.pdf\" style=\"color: #000000; text-decoration: underline;\"><\/a><a href=\"https:\/\/arelia-asso.fr\/wp-content\/uploads\/2025\/03\/03-ER241024-EXPRESSIONS-PLURIELLES-A-L_OEUVRE-POUR-LE-BIEN-ETRE-DES-FEMMES-VANDOEUVRE.pdf\" style=\"color: #000000; text-decoration: underline;\">Est R\u00e9publicain &#8211; 24 octobre 2024 &#8211; <strong>Vand\u0153uvre : Expressions Plurielles \u00e0 l&rsquo;\u0153uvre pour le bien-\u00eatre des femmes<\/strong><\/a><\/span><br \/><span style=\"color: #000000;\"><a href=\"https:\/\/arelia-asso.fr\/wp-content\/uploads\/2025\/03\/02-LA-CROIX-240924-indispensables-travailleurs-sociaux.pdf\" style=\"color: #000000; text-decoration: underline;\"><span style=\"color: #ff6600; text-decoration: underline;\"><strong>\u2022<\/strong> <\/span><\/a><a href=\"https:\/\/arelia-asso.fr\/wp-content\/uploads\/2025\/03\/12-ER250225-Accueil-des-refugies-ukrainiens-le-departement-modele-d-insertion.pdf\" style=\"color: #000000; text-decoration: underline;\"><\/a><a href=\"https:\/\/arelia-asso.fr\/wp-content\/uploads\/2025\/03\/02-LA-CROIX-240924-indispensables-travailleurs-sociaux.pdf\" style=\"color: #000000; text-decoration: underline;\">La Croix &#8211; 24 septembre 2024 &#8211;<strong> Indispensables travailleurs sociaux<\/strong><\/a><\/span><br \/><span style=\"color: #000000;\"><a href=\"https:\/\/arelia-asso.fr\/wp-content\/uploads\/2025\/03\/01-LE-MONDE-010624-TPE.pdf\" style=\"color: #000000; text-decoration: underline;\"><span style=\"color: #ff6600; text-decoration: underline;\"><strong>\u2022<\/strong> <\/span><\/a><a href=\"https:\/\/arelia-asso.fr\/wp-content\/uploads\/2025\/03\/12-ER250225-Accueil-des-refugies-ukrainiens-le-departement-modele-d-insertion.pdf\" style=\"color: #000000; text-decoration: underline;\"><\/a><a href=\"https:\/\/arelia-asso.fr\/wp-content\/uploads\/2025\/03\/01-LE-MONDE-010624-TPE.pdf\" style=\"color: #000000; text-decoration: underline;\">Le Monde &#8211; 1er juin 2024 &#8211; <strong>Ces travailleurs qui n&rsquo;arrivent pas \u00e0 se loger<\/strong><\/a><\/span><\/p>\n<p>[\/et_pb_text][\/et_pb_column][\/et_pb_row][\/et_pb_section]<\/p>\n","protected":false},"excerpt":{"rendered":"<p>Revue de Presse\u2022 Est R\u00e9publicain &#8211; 3 juin 2025 &#8211; Deux residents de la Cuesta partagent leur parcours de vie\u2022 Est R\u00e9publicain &#8211; 7 mai 2025 &#8211; Fraternit\u00e9 Sud Lorraine\u2022 Est R\u00e9publicain &#8211; 30 avril 2025 &#8211; D\u00e9bat et information sur les violences conjugales &#8211; Bainville-aux-Miroirs\u2022Est R\u00e9publicain &#8211; 25 f\u00e9vrier 2025 &#8211; Accueil des r\u00e9fugies [&hellip;]<\/p>\n","protected":false},"author":1,"featured_media":0,"parent":0,"menu_order":0,"comment_status":"closed","ping_status":"closed","template":"","meta":{"_et_pb_use_builder":"on","_et_pb_old_content":"","_et_gb_content_width":"","footnotes":""},"class_list":["post-4254","page","type-page","status-publish","hentry"],"_links":{"self":[{"href":"https:\/\/arelia-asso.fr\/index.php\/wp-json\/wp\/v2\/pages\/4254","targetHints":{"allow":["GET"]}}],"collection":[{"href":"https:\/\/arelia-asso.fr\/index.php\/wp-json\/wp\/v2\/pages"}],"about":[{"href":"https:\/\/arelia-asso.fr\/index.php\/wp-json\/wp\/v2\/types\/page"}],"author":[{"embeddable":true,"href":"https:\/\/arelia-asso.fr\/index.php\/wp-json\/wp\/v2\/users\/1"}],"replies":[{"embeddable":true,"href":"https:\/\/arelia-asso.fr\/index.php\/wp-json\/wp\/v2\/comments?post=4254"}],"version-history":[{"count":16,"href":"https:\/\/arelia-asso.fr\/index.php\/wp-json\/wp\/v2\/pages\/4254\/revisions"}],"predecessor-version":[{"id":4404,"href":"https:\/\/arelia-asso.fr\/index.php\/wp-json\/wp\/v2\/pages\/4254\/revisions\/4404"}],"wp:attachment":[{"href":"https:\/\/arelia-asso.fr\/index.php\/wp-json\/wp\/v2\/media?parent=4254"}],"curies":[{"name":"wp","href":"https:\/\/api.w.org\/{rel}","templated":true}]}}